{"id":1453,"date":"2026-02-13T07:56:06","date_gmt":"2026-02-13T07:56:06","guid":{"rendered":"https:\/\/setogiid.ee\/?page_id=1453"},"modified":"2026-02-17T13:35:31","modified_gmt":"2026-02-17T13:35:31","slug":"teine-pink","status":"publish","type":"page","link":"https:\/\/www.setogiid.ee\/en\/setomaa-audiogiidid\/metsa-matkarada\/teine-pink\/","title":{"rendered":"Teine pink"},"content":{"rendered":"<div data-elementor-type=\"wp-page\" data-elementor-id=\"1453\" class=\"elementor elementor-1453\">\n\t\t\t\t\t\t<section class=\"elementor-section elementor-top-section elementor-element elementor-element-a745a6b elementor-section-boxed elementor-section-height-default elementor-section-height-default\" data-id=\"a745a6b\" data-element_type=\"section\">\n\t\t\t\t\t\t<div class=\"elementor-container elementor-column-gap-default\">\n\t\t\t\t\t<div class=\"elementor-column elementor-col-100 elementor-top-column elementor-element elementor-element-84980b5\" data-id=\"84980b5\" data-element_type=\"column\">\n\t\t\t<div class=\"elementor-widget-wrap elementor-element-populated\">\n\t\t\t\t\t\t<div class=\"elementor-element elementor-element-ddc6a9f elementor-widget elementor-widget-heading\" data-id=\"ddc6a9f\" data-element_type=\"widget\" data-widget_type=\"heading.default\">\n\t\t\t\t<div class=\"elementor-widget-container\">\n\t\t\t<h2 class=\"elementor-heading-title elementor-size-default\">Komandandi maja<\/h2>\t\t<\/div>\n\t\t\t\t<\/div>\n\t\t\t\t<div class=\"elementor-element elementor-element-7b8e87d elementor-widget elementor-widget-text-editor\" data-id=\"7b8e87d\" data-element_type=\"widget\" data-widget_type=\"text-editor.default\">\n\t\t\t\t<div class=\"elementor-widget-container\">\n\t\t\t\t\t\t\t<p><em>Eesti keeles (English below)<\/em><\/p><p><audio class=\"wp-audio-shortcode\" id=\"audio-1453-1\" preload=\"none\" style=\"width: 100%;\" controls=\"controls\"><source type=\"audio\/mpeg\" src=\"https:\/\/setogiid.ee\/wp-content\/uploads\/2026\/02\/2_pink_komandandi-maja_est.mp3?_=1\" \/><a href=\"https:\/\/setogiid.ee\/wp-content\/uploads\/2026\/02\/2_pink_komandandi-maja_est.mp3\">https:\/\/setogiid.ee\/wp-content\/uploads\/2026\/02\/2_pink_komandandi-maja_est.mp3<\/a><\/audio><\/p>\t\t\t\t\t\t<\/div>\n\t\t\t\t<\/div>\n\t\t\t\t<div class=\"elementor-element elementor-element-e7d6681 elementor-widget elementor-widget-text-editor\" data-id=\"e7d6681\" data-element_type=\"widget\" data-widget_type=\"text-editor.default\">\n\t\t\t\t<div class=\"elementor-widget-container\">\n\t\t\t\t\t\t\t<p>Oled j\u00f5udnud Reegi supluskohta, meie matkaraja teise pingi juurde. Siit avaneb vaade V\u00e4rska P\u00f5hjalaagri k\u00f5ige paremini s\u00e4ilinud hoonele &#8211; Komandandi majale. T\u00e4na on hoone kasutusel korterelamuna.<\/p><p>Komandandi ehk laagri\u00fclema maja oli \u00fcks v\u00e4heseid P\u00f5hjalaagri hooneid, mis oli aastaringses kasutuses. Seet\u00f5ttu on maja ehitatud p\u00fcstpalkkonstruktsioonina, erinevalt enamikest teistest hoonetest, mis olid m\u00f5eldud vaid suviseks kasutamiseks ja seet\u00f5ttu tehtud s\u00f5restikkonstruktsioonina. Komandandi maja siseseinad kaeti krohviga, v\u00e4ljast korraliku laudvoodriga. <br \/>Laagri\u00fclem elas oma perega hoone teisel korrusel. Nende k\u00e4sutuses olid kaks tuba, k\u00f6\u00f6k ja k\u00fclalistetuba. Laagris olid aastaringselt kohal ka m\u00f5ned ajateenijad, kes pidasid laagris vahti. S\u00f5durpoiste tarbeks asus esimesel korrusel meeskonna ruum, veltveebli tuba, k\u00f6\u00f6k, lugemis- ja s\u00f6\u00f6gituba ning pesuruum v\u00e4ljak\u00e4igukohaga. <\/p>\t\t\t\t\t\t<\/div>\n\t\t\t\t<\/div>\n\t\t\t\t\t<\/div>\n\t\t<\/div>\n\t\t\t\t\t<\/div>\n\t\t<\/section>\n\t\t\t\t<section class=\"elementor-section elementor-top-section elementor-element elementor-element-19d1b6f elementor-section-boxed elementor-section-height-default elementor-section-height-default\" data-id=\"19d1b6f\" data-element_type=\"section\">\n\t\t\t\t\t\t<div class=\"elementor-container elementor-column-gap-default\">\n\t\t\t\t\t<div class=\"elementor-column elementor-col-100 elementor-top-column elementor-element elementor-element-96b2cd8\" data-id=\"96b2cd8\" data-element_type=\"column\">\n\t\t\t<div class=\"elementor-widget-wrap elementor-element-populated\">\n\t\t\t\t\t\t<div class=\"elementor-element elementor-element-c09dd52 elementor-widget elementor-widget-heading\" data-id=\"c09dd52\" data-element_type=\"widget\" data-widget_type=\"heading.default\">\n\t\t\t\t<div class=\"elementor-widget-container\">\n\t\t\t<h2 class=\"elementor-heading-title elementor-size-default\">The Commandant's House<\/h2>\t\t<\/div>\n\t\t\t\t<\/div>\n\t\t\t\t<div class=\"elementor-element elementor-element-02f2ec5 elementor-widget elementor-widget-text-editor\" data-id=\"02f2ec5\" data-element_type=\"widget\" data-widget_type=\"text-editor.default\">\n\t\t\t\t<div class=\"elementor-widget-container\">\n\t\t\t\t\t\t\t<p><em>In English<br \/><\/em><\/p><p><audio class=\"wp-audio-shortcode\" id=\"audio-1453-2\" preload=\"none\" style=\"width: 100%;\" controls=\"controls\"><source type=\"audio\/mpeg\" src=\"https:\/\/setogiid.ee\/wp-content\/uploads\/2026\/02\/2_pink_komandandi-maja_eng.mp3?_=2\" \/><a href=\"https:\/\/setogiid.ee\/wp-content\/uploads\/2026\/02\/2_pink_komandandi-maja_eng.mp3\">https:\/\/setogiid.ee\/wp-content\/uploads\/2026\/02\/2_pink_komandandi-maja_eng.mp3<\/a><\/audio><\/p>\t\t\t\t\t\t<\/div>\n\t\t\t\t<\/div>\n\t\t\t\t<div class=\"elementor-element elementor-element-fece4d7 elementor-widget elementor-widget-text-editor\" data-id=\"fece4d7\" data-element_type=\"widget\" data-widget_type=\"text-editor.default\">\n\t\t\t\t<div class=\"elementor-widget-container\">\n\t\t\t\t\t\t\t<p>You have reached the swimming area of the Reek\u2019s house and the second bench on our hiking trail. From here you can see the best-preserved building of the V\u00e4rska Northern Camp \u2014 the Commandant\u2019s House. Today, the building is used as an apartment house.<\/p><p>The commandant\u2019s (camp commander\u2019s) house was one of the few Northern Camp buildings used all year round. For that reason, it was built with a vertical log structure, unlike most other buildings, which were intended only for summer use and were therefore timber-framed. Inside, the walls were plastered; outside, the house was covered with solid wooden boarding.<br \/>The camp commander lived on the second floor with his family. Their quarters included two rooms, a kitchen, and a guest room. A few conscripts were also stationed here year-round to keep watch over the camp. Their spaces were on the first floor: the crew room, the senior NCO\u2019s room, a kitchen, reading and dining room, and a bathroom.<\/p>\t\t\t\t\t\t<\/div>\n\t\t\t\t<\/div>\n\t\t\t\t\t<\/div>\n\t\t<\/div>\n\t\t\t\t\t<\/div>\n\t\t<\/section>\n\t\t\t\t<section class=\"elementor-section elementor-top-section elementor-element elementor-element-feda2b0 elementor-section-boxed elementor-section-height-default elementor-section-height-default\" data-id=\"feda2b0\" data-element_type=\"section\">\n\t\t\t\t\t\t<div class=\"elementor-container elementor-column-gap-default\">\n\t\t\t\t\t<div class=\"elementor-column elementor-col-100 elementor-top-column elementor-element elementor-element-f1ab541\" data-id=\"f1ab541\" data-element_type=\"column\">\n\t\t\t<div class=\"elementor-widget-wrap elementor-element-populated\">\n\t\t\t\t\t\t<div class=\"elementor-element elementor-element-ccf13c8 elementor-widget elementor-widget-image\" data-id=\"ccf13c8\" data-element_type=\"widget\" data-widget_type=\"image.default\">\n\t\t\t\t<div class=\"elementor-widget-container\">\n\t\t\t\t\t\t\t\t\t\t\t\t\t<img fetchpriority=\"high\" decoding=\"async\" width=\"1024\" height=\"534\" src=\"https:\/\/www.setogiid.ee\/wp-content\/uploads\/2026\/02\/matkaraja-veebi-jalus_taustaga-e1771334510406-1024x534.png\" class=\"attachment-large size-large wp-image-1616\" alt=\"\" srcset=\"https:\/\/www.setogiid.ee\/wp-content\/uploads\/2026\/02\/matkaraja-veebi-jalus_taustaga-e1771334510406-1024x534.png 1024w, https:\/\/www.setogiid.ee\/wp-content\/uploads\/2026\/02\/matkaraja-veebi-jalus_taustaga-e1771334510406-300x157.png 300w, https:\/\/www.setogiid.ee\/wp-content\/uploads\/2026\/02\/matkaraja-veebi-jalus_taustaga-e1771334510406-768x401.png 768w, https:\/\/www.setogiid.ee\/wp-content\/uploads\/2026\/02\/matkaraja-veebi-jalus_taustaga-e1771334510406-1536x801.png 1536w, https:\/\/www.setogiid.ee\/wp-content\/uploads\/2026\/02\/matkaraja-veebi-jalus_taustaga-e1771334510406-18x9.png 18w, https:\/\/www.setogiid.ee\/wp-content\/uploads\/2026\/02\/matkaraja-veebi-jalus_taustaga-e1771334510406-640x334.png 640w, https:\/\/www.setogiid.ee\/wp-content\/uploads\/2026\/02\/matkaraja-veebi-jalus_taustaga-e1771334510406-1100x574.png 1100w, https:\/\/www.setogiid.ee\/wp-content\/uploads\/2026\/02\/matkaraja-veebi-jalus_taustaga-e1771334510406-1440x751.png 1440w, https:\/\/www.setogiid.ee\/wp-content\/uploads\/2026\/02\/matkaraja-veebi-jalus_taustaga-e1771334510406.png 1959w\" sizes=\"(max-width: 1024px) 100vw, 1024px\" \/>\t\t\t\t\t\t\t\t\t\t\t\t\t<\/div>\n\t\t\t\t<\/div>\n\t\t\t\t\t<\/div>\n\t\t<\/div>\n\t\t\t\t\t<\/div>\n\t\t<\/section>\n\t\t\t\t<\/div>","protected":false},"excerpt":{"rendered":"<p>Komandandi maja Eesti keeles (English below) Oled j\u00f5udnud Reegi supluskohta, meie matkaraja teise pingi juurde. [&hellip;]<\/p>\n","protected":false},"author":1,"featured_media":0,"parent":1443,"menu_order":0,"comment_status":"closed","ping_status":"closed","template":"","meta":{"footnotes":""},"class_list":["post-1453","page","type-page","status-publish","hentry","entry","grid"],"yoast_head":"<!-- This site is optimized with the Yoast SEO plugin v27.4 - https:\/\/yoast.com\/product\/yoast-seo-wordpress\/ -->\n<title>Teine pink - Setogiid<\/title>\n<meta name=\"robots\" content=\"index, follow, max-snippet:-1, max-image-preview:large, max-video-preview:-1\" \/>\n<link rel=\"canonical\" href=\"https:\/\/www.setogiid.ee\/en\/setomaa-audiogiidid\/metsa-matkarada\/teine-pink\/\" \/>\n<meta property=\"og:locale\" content=\"en_GB\" \/>\n<meta property=\"og:type\" content=\"article\" \/>\n<meta property=\"og:title\" content=\"Teine pink - Setogiid\" \/>\n<meta property=\"og:description\" content=\"Komandandi maja Eesti keeles (English below) Oled j\u00f5udnud Reegi supluskohta, meie matkaraja teise pingi juurde. [&hellip;]\" \/>\n<meta property=\"og:url\" content=\"https:\/\/www.setogiid.ee\/en\/setomaa-audiogiidid\/metsa-matkarada\/teine-pink\/\" \/>\n<meta property=\"og:site_name\" content=\"Setogiid\" \/>\n<meta property=\"article:modified_time\" content=\"2026-02-17T13:35:31+00:00\" \/>\n<meta property=\"og:image\" content=\"https:\/\/setogiid.ee\/wp-content\/uploads\/2026\/02\/matkaraja-veebi-jalus_taustaga-e1771334510406-1024x534.png\" \/>\n<meta name=\"twitter:card\" content=\"summary_large_image\" \/>\n<meta name=\"twitter:label1\" content=\"Estimated reading time\" \/>\n\t<meta name=\"twitter:data1\" content=\"2 minutes\" \/>\n<script type=\"application\/ld+json\" class=\"yoast-schema-graph\">{\"@context\":\"https:\\\/\\\/schema.org\",\"@graph\":[{\"@type\":\"WebPage\",\"@id\":\"https:\\\/\\\/www.setogiid.ee\\\/setomaa-audiogiidid\\\/metsa-matkarada\\\/teine-pink\\\/\",\"url\":\"https:\\\/\\\/www.setogiid.ee\\\/setomaa-audiogiidid\\\/metsa-matkarada\\\/teine-pink\\\/\",\"name\":\"Teine pink - Setogiid\",\"isPartOf\":{\"@id\":\"https:\\\/\\\/www.setogiid.ee\\\/en\\\/#website\"},\"primaryImageOfPage\":{\"@id\":\"https:\\\/\\\/www.setogiid.ee\\\/setomaa-audiogiidid\\\/metsa-matkarada\\\/teine-pink\\\/#primaryimage\"},\"image\":{\"@id\":\"https:\\\/\\\/www.setogiid.ee\\\/setomaa-audiogiidid\\\/metsa-matkarada\\\/teine-pink\\\/#primaryimage\"},\"thumbnailUrl\":\"https:\\\/\\\/setogiid.ee\\\/wp-content\\\/uploads\\\/2026\\\/02\\\/matkaraja-veebi-jalus_taustaga-e1771334510406-1024x534.png\",\"datePublished\":\"2026-02-13T07:56:06+00:00\",\"dateModified\":\"2026-02-17T13:35:31+00:00\",\"breadcrumb\":{\"@id\":\"https:\\\/\\\/www.setogiid.ee\\\/setomaa-audiogiidid\\\/metsa-matkarada\\\/teine-pink\\\/#breadcrumb\"},\"inLanguage\":\"en-GB\",\"potentialAction\":[{\"@type\":\"ReadAction\",\"target\":[\"https:\\\/\\\/www.setogiid.ee\\\/setomaa-audiogiidid\\\/metsa-matkarada\\\/teine-pink\\\/\"]}]},{\"@type\":\"ImageObject\",\"inLanguage\":\"en-GB\",\"@id\":\"https:\\\/\\\/www.setogiid.ee\\\/setomaa-audiogiidid\\\/metsa-matkarada\\\/teine-pink\\\/#primaryimage\",\"url\":\"https:\\\/\\\/setogiid.ee\\\/wp-content\\\/uploads\\\/2026\\\/02\\\/matkaraja-veebi-jalus_taustaga-e1771334510406-1024x534.png\",\"contentUrl\":\"https:\\\/\\\/setogiid.ee\\\/wp-content\\\/uploads\\\/2026\\\/02\\\/matkaraja-veebi-jalus_taustaga-e1771334510406-1024x534.png\"},{\"@type\":\"BreadcrumbList\",\"@id\":\"https:\\\/\\\/www.setogiid.ee\\\/setomaa-audiogiidid\\\/metsa-matkarada\\\/teine-pink\\\/#breadcrumb\",\"itemListElement\":[{\"@type\":\"ListItem\",\"position\":1,\"name\":\"Home\",\"item\":\"https:\\\/\\\/www.setogiid.ee\\\/en\\\/\"},{\"@type\":\"ListItem\",\"position\":2,\"name\":\"Setomaa audiogiidid\",\"item\":\"https:\\\/\\\/www.setogiid.ee\\\/en\\\/setomaa-audiogiidid\\\/\"},{\"@type\":\"ListItem\",\"position\":3,\"name\":\"Metsa matkarada\",\"item\":\"https:\\\/\\\/setogiid.ee\\\/en\\\/setomaa-audiogiidid\\\/metsa-matkarada\\\/\"},{\"@type\":\"ListItem\",\"position\":4,\"name\":\"Teine pink\"}]},{\"@type\":\"WebSite\",\"@id\":\"https:\\\/\\\/www.setogiid.ee\\\/en\\\/#website\",\"url\":\"https:\\\/\\\/www.setogiid.ee\\\/en\\\/\",\"name\":\"Setogiid\",\"description\":\"Sinu teejuht Setomaal\",\"publisher\":{\"@id\":\"https:\\\/\\\/www.setogiid.ee\\\/en\\\/#organization\"},\"potentialAction\":[{\"@type\":\"SearchAction\",\"target\":{\"@type\":\"EntryPoint\",\"urlTemplate\":\"https:\\\/\\\/www.setogiid.ee\\\/en\\\/?s={search_term_string}\"},\"query-input\":{\"@type\":\"PropertyValueSpecification\",\"valueRequired\":true,\"valueName\":\"search_term_string\"}}],\"inLanguage\":\"en-GB\"},{\"@type\":\"Organization\",\"@id\":\"https:\\\/\\\/www.setogiid.ee\\\/en\\\/#organization\",\"name\":\"Setogiid\",\"url\":\"https:\\\/\\\/www.setogiid.ee\\\/en\\\/\",\"logo\":{\"@type\":\"ImageObject\",\"inLanguage\":\"en-GB\",\"@id\":\"https:\\\/\\\/www.setogiid.ee\\\/en\\\/#\\\/schema\\\/logo\\\/image\\\/\",\"url\":\"https:\\\/\\\/www.setogiid.ee\\\/wp-content\\\/uploads\\\/2023\\\/12\\\/cropped-pisi-01.png\",\"contentUrl\":\"https:\\\/\\\/www.setogiid.ee\\\/wp-content\\\/uploads\\\/2023\\\/12\\\/cropped-pisi-01.png\",\"width\":120,\"height\":120,\"caption\":\"Setogiid\"},\"image\":{\"@id\":\"https:\\\/\\\/www.setogiid.ee\\\/en\\\/#\\\/schema\\\/logo\\\/image\\\/\"}}]}<\/script>\n<!-- \/ Yoast SEO plugin. -->","yoast_head_json":{"title":"Teine pink - Setogiid","robots":{"index":"index","follow":"follow","max-snippet":"max-snippet:-1","max-image-preview":"max-image-preview:large","max-video-preview":"max-video-preview:-1"},"canonical":"https:\/\/www.setogiid.ee\/en\/setomaa-audiogiidid\/metsa-matkarada\/teine-pink\/","og_locale":"en_GB","og_type":"article","og_title":"Teine pink - Setogiid","og_description":"Komandandi maja Eesti keeles (English below) Oled j\u00f5udnud Reegi supluskohta, meie matkaraja teise pingi juurde. [&hellip;]","og_url":"https:\/\/www.setogiid.ee\/en\/setomaa-audiogiidid\/metsa-matkarada\/teine-pink\/","og_site_name":"Setogiid","article_modified_time":"2026-02-17T13:35:31+00:00","og_image":[{"url":"https:\/\/setogiid.ee\/wp-content\/uploads\/2026\/02\/matkaraja-veebi-jalus_taustaga-e1771334510406-1024x534.png","type":"","width":"","height":""}],"twitter_card":"summary_large_image","twitter_misc":{"Estimated reading time":"2 minutes"},"schema":{"@context":"https:\/\/schema.org","@graph":[{"@type":"WebPage","@id":"https:\/\/www.setogiid.ee\/setomaa-audiogiidid\/metsa-matkarada\/teine-pink\/","url":"https:\/\/www.setogiid.ee\/setomaa-audiogiidid\/metsa-matkarada\/teine-pink\/","name":"Teine pink - Setogiid","isPartOf":{"@id":"https:\/\/www.setogiid.ee\/en\/#website"},"primaryImageOfPage":{"@id":"https:\/\/www.setogiid.ee\/setomaa-audiogiidid\/metsa-matkarada\/teine-pink\/#primaryimage"},"image":{"@id":"https:\/\/www.setogiid.ee\/setomaa-audiogiidid\/metsa-matkarada\/teine-pink\/#primaryimage"},"thumbnailUrl":"https:\/\/setogiid.ee\/wp-content\/uploads\/2026\/02\/matkaraja-veebi-jalus_taustaga-e1771334510406-1024x534.png","datePublished":"2026-02-13T07:56:06+00:00","dateModified":"2026-02-17T13:35:31+00:00","breadcrumb":{"@id":"https:\/\/www.setogiid.ee\/setomaa-audiogiidid\/metsa-matkarada\/teine-pink\/#breadcrumb"},"inLanguage":"en-GB","potentialAction":[{"@type":"ReadAction","target":["https:\/\/www.setogiid.ee\/setomaa-audiogiidid\/metsa-matkarada\/teine-pink\/"]}]},{"@type":"ImageObject","inLanguage":"en-GB","@id":"https:\/\/www.setogiid.ee\/setomaa-audiogiidid\/metsa-matkarada\/teine-pink\/#primaryimage","url":"https:\/\/setogiid.ee\/wp-content\/uploads\/2026\/02\/matkaraja-veebi-jalus_taustaga-e1771334510406-1024x534.png","contentUrl":"https:\/\/setogiid.ee\/wp-content\/uploads\/2026\/02\/matkaraja-veebi-jalus_taustaga-e1771334510406-1024x534.png"},{"@type":"BreadcrumbList","@id":"https:\/\/www.setogiid.ee\/setomaa-audiogiidid\/metsa-matkarada\/teine-pink\/#breadcrumb","itemListElement":[{"@type":"ListItem","position":1,"name":"Home","item":"https:\/\/www.setogiid.ee\/en\/"},{"@type":"ListItem","position":2,"name":"Setomaa audiogiidid","item":"https:\/\/www.setogiid.ee\/en\/setomaa-audiogiidid\/"},{"@type":"ListItem","position":3,"name":"Metsa matkarada","item":"https:\/\/setogiid.ee\/en\/setomaa-audiogiidid\/metsa-matkarada\/"},{"@type":"ListItem","position":4,"name":"Teine pink"}]},{"@type":"WebSite","@id":"https:\/\/www.setogiid.ee\/en\/#website","url":"https:\/\/www.setogiid.ee\/en\/","name":"Setogiid","description":"Your Guide in Setomaa","publisher":{"@id":"https:\/\/www.setogiid.ee\/en\/#organization"},"potentialAction":[{"@type":"SearchAction","target":{"@type":"EntryPoint","urlTemplate":"https:\/\/www.setogiid.ee\/en\/?s={search_term_string}"},"query-input":{"@type":"PropertyValueSpecification","valueRequired":true,"valueName":"search_term_string"}}],"inLanguage":"en-GB"},{"@type":"Organization","@id":"https:\/\/www.setogiid.ee\/en\/#organization","name":"Setogiid","url":"https:\/\/www.setogiid.ee\/en\/","logo":{"@type":"ImageObject","inLanguage":"en-GB","@id":"https:\/\/www.setogiid.ee\/en\/#\/schema\/logo\/image\/","url":"https:\/\/www.setogiid.ee\/wp-content\/uploads\/2023\/12\/cropped-pisi-01.png","contentUrl":"https:\/\/www.setogiid.ee\/wp-content\/uploads\/2023\/12\/cropped-pisi-01.png","width":120,"height":120,"caption":"Setogiid"},"image":{"@id":"https:\/\/www.setogiid.ee\/en\/#\/schema\/logo\/image\/"}}]}},"_links":{"self":[{"href":"https:\/\/www.setogiid.ee\/en\/wp-json\/wp\/v2\/pages\/1453","targetHints":{"allow":["GET"]}}],"collection":[{"href":"https:\/\/www.setogiid.ee\/en\/wp-json\/wp\/v2\/pages"}],"about":[{"href":"https:\/\/www.setogiid.ee\/en\/wp-json\/wp\/v2\/types\/page"}],"author":[{"embeddable":true,"href":"https:\/\/www.setogiid.ee\/en\/wp-json\/wp\/v2\/users\/1"}],"replies":[{"embeddable":true,"href":"https:\/\/www.setogiid.ee\/en\/wp-json\/wp\/v2\/comments?post=1453"}],"version-history":[{"count":5,"href":"https:\/\/www.setogiid.ee\/en\/wp-json\/wp\/v2\/pages\/1453\/revisions"}],"predecessor-version":[{"id":1631,"href":"https:\/\/www.setogiid.ee\/en\/wp-json\/wp\/v2\/pages\/1453\/revisions\/1631"}],"up":[{"embeddable":true,"href":"https:\/\/www.setogiid.ee\/en\/wp-json\/wp\/v2\/pages\/1443"}],"wp:attachment":[{"href":"https:\/\/www.setogiid.ee\/en\/wp-json\/wp\/v2\/media?parent=1453"}],"curies":[{"name":"wp","href":"https:\/\/api.w.org\/{rel}","templated":true}]}}