{"id":1456,"date":"2026-02-13T07:10:11","date_gmt":"2026-02-13T07:10:11","guid":{"rendered":"https:\/\/setogiid.ee\/?page_id=1456"},"modified":"2026-03-27T11:54:27","modified_gmt":"2026-03-27T11:54:27","slug":"kolmas-pink","status":"publish","type":"page","link":"https:\/\/www.setogiid.ee\/en\/setomaa-audiogiidid\/metsa-matkarada\/kolmas-pink\/","title":{"rendered":"Kolmas pink"},"content":{"rendered":"<div data-elementor-type=\"wp-page\" data-elementor-id=\"1456\" class=\"elementor elementor-1456\">\n\t\t\t\t\t\t<section class=\"elementor-section elementor-top-section elementor-element elementor-element-8612ac0 elementor-section-boxed elementor-section-height-default elementor-section-height-default\" data-id=\"8612ac0\" data-element_type=\"section\">\n\t\t\t\t\t\t<div class=\"elementor-container elementor-column-gap-default\">\n\t\t\t\t\t<div class=\"elementor-column elementor-col-100 elementor-top-column elementor-element elementor-element-12e3c2a\" data-id=\"12e3c2a\" data-element_type=\"column\">\n\t\t\t<div class=\"elementor-widget-wrap elementor-element-populated\">\n\t\t\t\t\t\t<div class=\"elementor-element elementor-element-b02d174 elementor-widget elementor-widget-heading\" data-id=\"b02d174\" data-element_type=\"widget\" data-widget_type=\"heading.default\">\n\t\t\t\t<div class=\"elementor-widget-container\">\n\t\t\t<h2 class=\"elementor-heading-title elementor-size-default\">Kindral Reegi maja<\/h2>\t\t<\/div>\n\t\t\t\t<\/div>\n\t\t\t\t<div class=\"elementor-element elementor-element-92b9681 elementor-widget elementor-widget-text-editor\" data-id=\"92b9681\" data-element_type=\"widget\" data-widget_type=\"text-editor.default\">\n\t\t\t\t<div class=\"elementor-widget-container\">\n\t\t\t\t\t\t\t<p><em>Eesti keeles (English below)<\/em><\/p><p><audio class=\"wp-audio-shortcode\" id=\"audio-1456-1\" preload=\"none\" style=\"width: 100%;\" controls=\"controls\"><source type=\"audio\/mpeg\" src=\"https:\/\/setogiid.ee\/wp-content\/uploads\/2026\/02\/3_pink_reegi_maja_est.mp3?_=1\" \/><a href=\"https:\/\/setogiid.ee\/wp-content\/uploads\/2026\/02\/3_pink_reegi_maja_est.mp3\">https:\/\/setogiid.ee\/wp-content\/uploads\/2026\/02\/3_pink_reegi_maja_est.mp3<\/a><\/audio><\/p>\t\t\t\t\t\t<\/div>\n\t\t\t\t<\/div>\n\t\t\t\t<div class=\"elementor-element elementor-element-f7dee84 elementor-widget elementor-widget-text-editor\" data-id=\"f7dee84\" data-element_type=\"widget\" data-widget_type=\"text-editor.default\">\n\t\t\t\t<div class=\"elementor-widget-container\">\n\t\t\t\t\t\t\t<p>Oled j\u00f5udnud matkaraja kolmanda pingi juurde. Siin \u00d5rsava j\u00e4rve kaldal m\u00e4ndide all k\u00f5rgub 2020. aastal taastatud kindral Nikolai Reegi suveresidents. Laagri hoonete kompleksi kuulunud maja on 20. sajandi alguses laialt levinud juugendstiili ehe n\u00e4ide. <br \/>Nikolai Reegi eestvedamisel rajati 1920. aastatel V\u00e4rskasse Eesti Kaitsev\u00e4e suvine v\u00e4lja\u00f5ppekeskus Petseri P\u00f5hjalaager, kus harjutasid 2. diviisi ratsa- ja suurt\u00fckiv\u00e4elased.<\/p><p>1890. aastal s\u00fcndinud Nikolai Reek teenis Vene keiserlikus armees, l\u00f5petas I maailmas\u00f5ja ajal Nikolai Kindralstaabi Akadeemia ning osales ohvitserina Eesti Vabaduss\u00f5jas. Hiljem \u00f5ppis K\u00f5rgemas S\u00f5jakoolis Prantsusmaal. Nikolai Reek pani oma t\u00f6\u00f6dega aluse Eesti s\u00f5jateadusele. Kindral Reek hukati 1942. aastal NKVD poolt Solikamski vangilaagris.<\/p><p>T\u00e4na tegutseb Reegi majas V\u00e4rska k\u00fclastuskeskus. Keskuses tutvustatakse piirkonna ajalugu ja kultuurip\u00e4randit \u2013 Vabaduss\u00f5da Setomaal ja P\u00f5hjalaagri militaarajalugu. Hoone teisel korrusel asub Seto Instituudi raamatukogu ja kindral Reegi kabinet. Keldrikorruse avaneb V\u00e4rska maa-alune varamu, kus tutvustatakse mineraalvee- ja ravimuda kasutamist V\u00e4rska kuurortis.<\/p>\t\t\t\t\t\t<\/div>\n\t\t\t\t<\/div>\n\t\t\t\t\t<\/div>\n\t\t<\/div>\n\t\t\t\t\t<\/div>\n\t\t<\/section>\n\t\t\t\t<section class=\"elementor-section elementor-top-section elementor-element elementor-element-fb36416 elementor-section-boxed elementor-section-height-default elementor-section-height-default\" data-id=\"fb36416\" data-element_type=\"section\">\n\t\t\t\t\t\t<div class=\"elementor-container elementor-column-gap-default\">\n\t\t\t\t\t<div class=\"elementor-column elementor-col-100 elementor-top-column elementor-element elementor-element-9ca3063\" data-id=\"9ca3063\" data-element_type=\"column\">\n\t\t\t<div class=\"elementor-widget-wrap elementor-element-populated\">\n\t\t\t\t\t\t<div class=\"elementor-element elementor-element-b9e1ed5 elementor-widget elementor-widget-heading\" data-id=\"b9e1ed5\" data-element_type=\"widget\" data-widget_type=\"heading.default\">\n\t\t\t\t<div class=\"elementor-widget-container\">\n\t\t\t<h2 class=\"elementor-heading-title elementor-size-default\">House of General Reek<\/h2>\t\t<\/div>\n\t\t\t\t<\/div>\n\t\t\t\t<div class=\"elementor-element elementor-element-ee1c976 elementor-widget elementor-widget-text-editor\" data-id=\"ee1c976\" data-element_type=\"widget\" data-widget_type=\"text-editor.default\">\n\t\t\t\t<div class=\"elementor-widget-container\">\n\t\t\t\t\t\t\t<p><em>In English<\/em><\/p><p><audio class=\"wp-audio-shortcode\" id=\"audio-1456-2\" preload=\"none\" style=\"width: 100%;\" controls=\"controls\"><source type=\"audio\/mpeg\" src=\"https:\/\/setogiid.ee\/wp-content\/uploads\/2026\/02\/3_pink_reegi-maja_eng.mp3?_=2\" \/><a href=\"https:\/\/setogiid.ee\/wp-content\/uploads\/2026\/02\/3_pink_reegi-maja_eng.mp3\">https:\/\/setogiid.ee\/wp-content\/uploads\/2026\/02\/3_pink_reegi-maja_eng.mp3<\/a><\/audio><\/p>\t\t\t\t\t\t<\/div>\n\t\t\t\t<\/div>\n\t\t\t\t<div class=\"elementor-element elementor-element-3f1d942 elementor-widget elementor-widget-text-editor\" data-id=\"3f1d942\" data-element_type=\"widget\" data-widget_type=\"text-editor.default\">\n\t\t\t\t<div class=\"elementor-widget-container\">\n\t\t\t\t\t\t\t<p>You have reached the third bench on the hiking trail. Here, on the shore of Lake \u00d5rsava beneath the pines, stands the summer residence of General Nikolai Reek, restored in 2020. This former part of the camp building complex is an authentic example of the Art Nouveau style that was widely popular in the early 20th century.<\/p><p>Under Nikolai Reek\u2019s leadership, the Petseri Northern Camp was established in V\u00e4rska in the 1920s as the Estonian Defence Forces\u2019 summer training centre, where the cavalry and artillery of the 2nd Division practiced.<\/p><p>Born in 1890, Nikolai Reek served in the Russian Imperial Army, graduated from the Imperial Nicholas Military Academy during World War I, and fought as an officer in the Estonian War of Independence. He later continued his studies at a Higher Military School in France and laid the foundations of Estonian military science through his work. General Reek was executed by the NKVD in 1942 in the Solikamsk prison camp.<\/p><p>Today, the building houses the V\u00e4rska Visitor Centre. The exhibition introduces the history and cultural heritage of the region \u2014 the War of Independence in Setomaa and the Northern Camp\u2019s military history. On the second floor you will find the Seto Institute library and General Reek\u2019s study. The basement opens onto the V\u00e4rska underground treasury, where the use of mineral water and therapeutic mud at the V\u00e4rska resort is presented. <\/p>\t\t\t\t\t\t<\/div>\n\t\t\t\t<\/div>\n\t\t\t\t\t<\/div>\n\t\t<\/div>\n\t\t\t\t\t<\/div>\n\t\t<\/section>\n\t\t\t\t<section class=\"elementor-section elementor-top-section elementor-element elementor-element-72ee04a elementor-section-boxed elementor-section-height-default elementor-section-height-default\" data-id=\"72ee04a\" data-element_type=\"section\">\n\t\t\t\t\t\t<div class=\"elementor-container elementor-column-gap-default\">\n\t\t\t\t\t<div class=\"elementor-column elementor-col-100 elementor-top-column elementor-element elementor-element-12620d4\" data-id=\"12620d4\" data-element_type=\"column\">\n\t\t\t<div class=\"elementor-widget-wrap elementor-element-populated\">\n\t\t\t\t\t\t<div class=\"elementor-element elementor-element-f9d429d elementor-widget elementor-widget-image\" data-id=\"f9d429d\" data-element_type=\"widget\" data-widget_type=\"image.default\">\n\t\t\t\t<div class=\"elementor-widget-container\">\n\t\t\t\t\t\t\t\t\t\t\t\t\t<img fetchpriority=\"high\" decoding=\"async\" width=\"1024\" height=\"534\" src=\"https:\/\/setogiid.ee\/wp-content\/uploads\/2026\/02\/matkaraja-veebi-jalus_taustaga-e1771334510406-1024x534.png\" class=\"attachment-large size-large wp-image-1616\" alt=\"\" srcset=\"https:\/\/setogiid.ee\/wp-content\/uploads\/2026\/02\/matkaraja-veebi-jalus_taustaga-e1771334510406-1024x534.png 1024w, https:\/\/setogiid.ee\/wp-content\/uploads\/2026\/02\/matkaraja-veebi-jalus_taustaga-e1771334510406-300x157.png 300w, https:\/\/setogiid.ee\/wp-content\/uploads\/2026\/02\/matkaraja-veebi-jalus_taustaga-e1771334510406-768x401.png 768w, https:\/\/setogiid.ee\/wp-content\/uploads\/2026\/02\/matkaraja-veebi-jalus_taustaga-e1771334510406-1536x801.png 1536w, https:\/\/setogiid.ee\/wp-content\/uploads\/2026\/02\/matkaraja-veebi-jalus_taustaga-e1771334510406-18x9.png 18w, https:\/\/setogiid.ee\/wp-content\/uploads\/2026\/02\/matkaraja-veebi-jalus_taustaga-e1771334510406-640x334.png 640w, https:\/\/setogiid.ee\/wp-content\/uploads\/2026\/02\/matkaraja-veebi-jalus_taustaga-e1771334510406-1100x574.png 1100w, https:\/\/setogiid.ee\/wp-content\/uploads\/2026\/02\/matkaraja-veebi-jalus_taustaga-e1771334510406-1440x751.png 1440w, https:\/\/setogiid.ee\/wp-content\/uploads\/2026\/02\/matkaraja-veebi-jalus_taustaga-e1771334510406.png 1959w\" sizes=\"(max-width: 1024px) 100vw, 1024px\" \/>\t\t\t\t\t\t\t\t\t\t\t\t\t<\/div>\n\t\t\t\t<\/div>\n\t\t\t\t\t<\/div>\n\t\t<\/div>\n\t\t\t\t\t<\/div>\n\t\t<\/section>\n\t\t\t\t<\/div>","protected":false},"excerpt":{"rendered":"<p>Kindral Reegi maja Eesti keeles (English below) Oled j\u00f5udnud matkaraja kolmanda pingi juurde. Siin \u00d5rsava [&hellip;]<\/p>\n","protected":false},"author":1,"featured_media":0,"parent":1443,"menu_order":0,"comment_status":"closed","ping_status":"closed","template":"","meta":{"footnotes":""},"class_list":["post-1456","page","type-page","status-publish","hentry","entry","grid"],"yoast_head":"<!-- This site is optimized with the Yoast SEO plugin v27.4 - https:\/\/yoast.com\/product\/yoast-seo-wordpress\/ -->\n<title>Kolmas pink - Setogiid<\/title>\n<meta name=\"robots\" content=\"index, follow, max-snippet:-1, max-image-preview:large, max-video-preview:-1\" \/>\n<link rel=\"canonical\" href=\"https:\/\/setogiid.ee\/setomaa-audiogiidid\/metsa-matkarada\/kolmas-pink\/\" \/>\n<meta property=\"og:locale\" content=\"en_GB\" \/>\n<meta property=\"og:type\" content=\"article\" \/>\n<meta property=\"og:title\" content=\"Kolmas pink - Setogiid\" \/>\n<meta property=\"og:description\" content=\"Kindral Reegi maja Eesti keeles (English below) Oled j\u00f5udnud matkaraja kolmanda pingi juurde. Siin \u00d5rsava [&hellip;]\" \/>\n<meta property=\"og:url\" content=\"https:\/\/setogiid.ee\/setomaa-audiogiidid\/metsa-matkarada\/kolmas-pink\/\" \/>\n<meta property=\"og:site_name\" content=\"Setogiid\" \/>\n<meta property=\"article:modified_time\" content=\"2026-03-27T11:54:27+00:00\" \/>\n<meta property=\"og:image\" content=\"https:\/\/setogiid.ee\/wp-content\/uploads\/2026\/02\/matkaraja-veebi-jalus_taustaga-e1771334510406-1024x534.png\" \/>\n<meta name=\"twitter:card\" content=\"summary_large_image\" \/>\n<meta name=\"twitter:label1\" content=\"Estimated reading time\" \/>\n\t<meta name=\"twitter:data1\" content=\"3 minutes\" \/>\n<script type=\"application\/ld+json\" class=\"yoast-schema-graph\">{\"@context\":\"https:\\\/\\\/schema.org\",\"@graph\":[{\"@type\":\"WebPage\",\"@id\":\"https:\\\/\\\/setogiid.ee\\\/setomaa-audiogiidid\\\/metsa-matkarada\\\/kolmas-pink\\\/\",\"url\":\"https:\\\/\\\/setogiid.ee\\\/setomaa-audiogiidid\\\/metsa-matkarada\\\/kolmas-pink\\\/\",\"name\":\"Kolmas pink - Setogiid\",\"isPartOf\":{\"@id\":\"https:\\\/\\\/www.setogiid.ee\\\/en\\\/#website\"},\"primaryImageOfPage\":{\"@id\":\"https:\\\/\\\/setogiid.ee\\\/setomaa-audiogiidid\\\/metsa-matkarada\\\/kolmas-pink\\\/#primaryimage\"},\"image\":{\"@id\":\"https:\\\/\\\/setogiid.ee\\\/setomaa-audiogiidid\\\/metsa-matkarada\\\/kolmas-pink\\\/#primaryimage\"},\"thumbnailUrl\":\"https:\\\/\\\/setogiid.ee\\\/wp-content\\\/uploads\\\/2026\\\/02\\\/matkaraja-veebi-jalus_taustaga-e1771334510406-1024x534.png\",\"datePublished\":\"2026-02-13T07:10:11+00:00\",\"dateModified\":\"2026-03-27T11:54:27+00:00\",\"breadcrumb\":{\"@id\":\"https:\\\/\\\/setogiid.ee\\\/setomaa-audiogiidid\\\/metsa-matkarada\\\/kolmas-pink\\\/#breadcrumb\"},\"inLanguage\":\"en-GB\",\"potentialAction\":[{\"@type\":\"ReadAction\",\"target\":[\"https:\\\/\\\/setogiid.ee\\\/setomaa-audiogiidid\\\/metsa-matkarada\\\/kolmas-pink\\\/\"]}]},{\"@type\":\"ImageObject\",\"inLanguage\":\"en-GB\",\"@id\":\"https:\\\/\\\/setogiid.ee\\\/setomaa-audiogiidid\\\/metsa-matkarada\\\/kolmas-pink\\\/#primaryimage\",\"url\":\"https:\\\/\\\/setogiid.ee\\\/wp-content\\\/uploads\\\/2026\\\/02\\\/matkaraja-veebi-jalus_taustaga-e1771334510406-1024x534.png\",\"contentUrl\":\"https:\\\/\\\/setogiid.ee\\\/wp-content\\\/uploads\\\/2026\\\/02\\\/matkaraja-veebi-jalus_taustaga-e1771334510406-1024x534.png\"},{\"@type\":\"BreadcrumbList\",\"@id\":\"https:\\\/\\\/setogiid.ee\\\/setomaa-audiogiidid\\\/metsa-matkarada\\\/kolmas-pink\\\/#breadcrumb\",\"itemListElement\":[{\"@type\":\"ListItem\",\"position\":1,\"name\":\"Home\",\"item\":\"https:\\\/\\\/www.setogiid.ee\\\/en\\\/\"},{\"@type\":\"ListItem\",\"position\":2,\"name\":\"Setomaa audiogiidid\",\"item\":\"https:\\\/\\\/www.setogiid.ee\\\/en\\\/setomaa-audiogiidid\\\/\"},{\"@type\":\"ListItem\",\"position\":3,\"name\":\"Metsa matkarada\",\"item\":\"https:\\\/\\\/setogiid.ee\\\/en\\\/setomaa-audiogiidid\\\/metsa-matkarada\\\/\"},{\"@type\":\"ListItem\",\"position\":4,\"name\":\"Kolmas pink\"}]},{\"@type\":\"WebSite\",\"@id\":\"https:\\\/\\\/www.setogiid.ee\\\/en\\\/#website\",\"url\":\"https:\\\/\\\/www.setogiid.ee\\\/en\\\/\",\"name\":\"Setogiid\",\"description\":\"Sinu teejuht Setomaal\",\"publisher\":{\"@id\":\"https:\\\/\\\/www.setogiid.ee\\\/en\\\/#organization\"},\"potentialAction\":[{\"@type\":\"SearchAction\",\"target\":{\"@type\":\"EntryPoint\",\"urlTemplate\":\"https:\\\/\\\/www.setogiid.ee\\\/en\\\/?s={search_term_string}\"},\"query-input\":{\"@type\":\"PropertyValueSpecification\",\"valueRequired\":true,\"valueName\":\"search_term_string\"}}],\"inLanguage\":\"en-GB\"},{\"@type\":\"Organization\",\"@id\":\"https:\\\/\\\/www.setogiid.ee\\\/en\\\/#organization\",\"name\":\"Setogiid\",\"url\":\"https:\\\/\\\/www.setogiid.ee\\\/en\\\/\",\"logo\":{\"@type\":\"ImageObject\",\"inLanguage\":\"en-GB\",\"@id\":\"https:\\\/\\\/www.setogiid.ee\\\/en\\\/#\\\/schema\\\/logo\\\/image\\\/\",\"url\":\"https:\\\/\\\/setogiid.ee\\\/wp-content\\\/uploads\\\/2023\\\/12\\\/cropped-pisi-01.png\",\"contentUrl\":\"https:\\\/\\\/setogiid.ee\\\/wp-content\\\/uploads\\\/2023\\\/12\\\/cropped-pisi-01.png\",\"width\":120,\"height\":120,\"caption\":\"Setogiid\"},\"image\":{\"@id\":\"https:\\\/\\\/www.setogiid.ee\\\/en\\\/#\\\/schema\\\/logo\\\/image\\\/\"}}]}<\/script>\n<!-- \/ Yoast SEO plugin. -->","yoast_head_json":{"title":"Kolmas pink - Setogiid","robots":{"index":"index","follow":"follow","max-snippet":"max-snippet:-1","max-image-preview":"max-image-preview:large","max-video-preview":"max-video-preview:-1"},"canonical":"https:\/\/setogiid.ee\/setomaa-audiogiidid\/metsa-matkarada\/kolmas-pink\/","og_locale":"en_GB","og_type":"article","og_title":"Kolmas pink - Setogiid","og_description":"Kindral Reegi maja Eesti keeles (English below) Oled j\u00f5udnud matkaraja kolmanda pingi juurde. Siin \u00d5rsava [&hellip;]","og_url":"https:\/\/setogiid.ee\/setomaa-audiogiidid\/metsa-matkarada\/kolmas-pink\/","og_site_name":"Setogiid","article_modified_time":"2026-03-27T11:54:27+00:00","og_image":[{"url":"https:\/\/setogiid.ee\/wp-content\/uploads\/2026\/02\/matkaraja-veebi-jalus_taustaga-e1771334510406-1024x534.png","type":"","width":"","height":""}],"twitter_card":"summary_large_image","twitter_misc":{"Estimated reading time":"3 minutes"},"schema":{"@context":"https:\/\/schema.org","@graph":[{"@type":"WebPage","@id":"https:\/\/setogiid.ee\/setomaa-audiogiidid\/metsa-matkarada\/kolmas-pink\/","url":"https:\/\/setogiid.ee\/setomaa-audiogiidid\/metsa-matkarada\/kolmas-pink\/","name":"Kolmas pink - Setogiid","isPartOf":{"@id":"https:\/\/www.setogiid.ee\/en\/#website"},"primaryImageOfPage":{"@id":"https:\/\/setogiid.ee\/setomaa-audiogiidid\/metsa-matkarada\/kolmas-pink\/#primaryimage"},"image":{"@id":"https:\/\/setogiid.ee\/setomaa-audiogiidid\/metsa-matkarada\/kolmas-pink\/#primaryimage"},"thumbnailUrl":"https:\/\/setogiid.ee\/wp-content\/uploads\/2026\/02\/matkaraja-veebi-jalus_taustaga-e1771334510406-1024x534.png","datePublished":"2026-02-13T07:10:11+00:00","dateModified":"2026-03-27T11:54:27+00:00","breadcrumb":{"@id":"https:\/\/setogiid.ee\/setomaa-audiogiidid\/metsa-matkarada\/kolmas-pink\/#breadcrumb"},"inLanguage":"en-GB","potentialAction":[{"@type":"ReadAction","target":["https:\/\/setogiid.ee\/setomaa-audiogiidid\/metsa-matkarada\/kolmas-pink\/"]}]},{"@type":"ImageObject","inLanguage":"en-GB","@id":"https:\/\/setogiid.ee\/setomaa-audiogiidid\/metsa-matkarada\/kolmas-pink\/#primaryimage","url":"https:\/\/setogiid.ee\/wp-content\/uploads\/2026\/02\/matkaraja-veebi-jalus_taustaga-e1771334510406-1024x534.png","contentUrl":"https:\/\/setogiid.ee\/wp-content\/uploads\/2026\/02\/matkaraja-veebi-jalus_taustaga-e1771334510406-1024x534.png"},{"@type":"BreadcrumbList","@id":"https:\/\/setogiid.ee\/setomaa-audiogiidid\/metsa-matkarada\/kolmas-pink\/#breadcrumb","itemListElement":[{"@type":"ListItem","position":1,"name":"Home","item":"https:\/\/www.setogiid.ee\/en\/"},{"@type":"ListItem","position":2,"name":"Setomaa audiogiidid","item":"https:\/\/www.setogiid.ee\/en\/setomaa-audiogiidid\/"},{"@type":"ListItem","position":3,"name":"Metsa matkarada","item":"https:\/\/setogiid.ee\/en\/setomaa-audiogiidid\/metsa-matkarada\/"},{"@type":"ListItem","position":4,"name":"Kolmas pink"}]},{"@type":"WebSite","@id":"https:\/\/www.setogiid.ee\/en\/#website","url":"https:\/\/www.setogiid.ee\/en\/","name":"Setogiid","description":"Your Guide in Setomaa","publisher":{"@id":"https:\/\/www.setogiid.ee\/en\/#organization"},"potentialAction":[{"@type":"SearchAction","target":{"@type":"EntryPoint","urlTemplate":"https:\/\/www.setogiid.ee\/en\/?s={search_term_string}"},"query-input":{"@type":"PropertyValueSpecification","valueRequired":true,"valueName":"search_term_string"}}],"inLanguage":"en-GB"},{"@type":"Organization","@id":"https:\/\/www.setogiid.ee\/en\/#organization","name":"Setogiid","url":"https:\/\/www.setogiid.ee\/en\/","logo":{"@type":"ImageObject","inLanguage":"en-GB","@id":"https:\/\/www.setogiid.ee\/en\/#\/schema\/logo\/image\/","url":"https:\/\/setogiid.ee\/wp-content\/uploads\/2023\/12\/cropped-pisi-01.png","contentUrl":"https:\/\/setogiid.ee\/wp-content\/uploads\/2023\/12\/cropped-pisi-01.png","width":120,"height":120,"caption":"Setogiid"},"image":{"@id":"https:\/\/www.setogiid.ee\/en\/#\/schema\/logo\/image\/"}}]}},"_links":{"self":[{"href":"https:\/\/www.setogiid.ee\/en\/wp-json\/wp\/v2\/pages\/1456","targetHints":{"allow":["GET"]}}],"collection":[{"href":"https:\/\/www.setogiid.ee\/en\/wp-json\/wp\/v2\/pages"}],"about":[{"href":"https:\/\/www.setogiid.ee\/en\/wp-json\/wp\/v2\/types\/page"}],"author":[{"embeddable":true,"href":"https:\/\/www.setogiid.ee\/en\/wp-json\/wp\/v2\/users\/1"}],"replies":[{"embeddable":true,"href":"https:\/\/www.setogiid.ee\/en\/wp-json\/wp\/v2\/comments?post=1456"}],"version-history":[{"count":5,"href":"https:\/\/www.setogiid.ee\/en\/wp-json\/wp\/v2\/pages\/1456\/revisions"}],"predecessor-version":[{"id":1683,"href":"https:\/\/www.setogiid.ee\/en\/wp-json\/wp\/v2\/pages\/1456\/revisions\/1683"}],"up":[{"embeddable":true,"href":"https:\/\/www.setogiid.ee\/en\/wp-json\/wp\/v2\/pages\/1443"}],"wp:attachment":[{"href":"https:\/\/www.setogiid.ee\/en\/wp-json\/wp\/v2\/media?parent=1456"}],"curies":[{"name":"wp","href":"https:\/\/api.w.org\/{rel}","templated":true}]}}