{"id":163,"date":"2021-11-24T12:06:24","date_gmt":"2021-11-24T12:06:24","guid":{"rendered":"https:\/\/setogiid.ee\/?page_id=163"},"modified":"2024-10-02T12:15:17","modified_gmt":"2024-10-02T12:15:17","slug":"tsatski-nulk","status":"publish","type":"page","link":"https:\/\/www.setogiid.ee\/en\/vaigokene-setomaa\/tsatski-nulk\/","title":{"rendered":"Ts\u00e4tski nulk"},"content":{"rendered":"<h4><strong>\u00dcldiseloomustus <\/strong><\/h4>\n<p>Ts\u00e4tski nulga keskuseks on V\u00e4rska. Nulk paikneb suuremas osas vee \u00e4\u00e4res ja on naabriks Pihkva j\u00e4rve \u00e4\u00e4res asuvatele vene rannak\u00fcladele. Piirkond on ajalooliselt olnud venelaste ja setode tihedama l\u00e4bik\u00e4imise ja kauplemise kohaks. Venelastelt saadi kala ja vastutasuks anti k\u00fcttepuid.<\/p>\n<p>Sajandeid tagasi oli riigipiiride t\u00e4hendus hoopis teistsugune kui t\u00e4na. Piirialaks loeti suuri metsaalasid, mis ei olnud ei \u00fche ega teise maa. Keskajal oli Pihkva v\u00fcrstiriigi ja Tartu piiskopkonna piiriks metsaala, mis h\u00f5lmas otsapidi ka t\u00e4nast setode asuala. Kirjalikes allikates on seda nimetatud meemetsaks, sest seal peeti mesilasi.<\/p>\n<p>Meie esivanemad elasid loodusega koosk\u00f5las. Nad oskasid looduse m\u00e4rke v\u00e4ga h\u00e4sti m\u00e4rgata ja teadsid, mida \u00fcks v\u00f5i teine asi t\u00e4hendas. \u00dcheks raskemini m\u00f5istevaks kohaks oli aga mets. Metsa seostati enam salap\u00e4rasuse ja ootamatustega.<\/p>\n<p>Esivanemate kujutluspildis oli mets t\u00e4is igasuguseid olendeid. Nii silmale n\u00e4htavaid, keda eduka jahiretke j\u00e4rel s\u00fc\u00fca kui ka n\u00e4htamatuid, v\u00e4gevaid olendeid, kellega l\u00e4bisaamine otsustas jahi ja \u00fcldse igasuguse metsaelu edukuse. Olenditest tuntuim oli metshaldjas, kes esines enamasti hirmu\u00e4ratava ja inimese suhtes vaenulikuna.<\/p>\n<p>Setode traditsioonis oli olulisel kohal ka Ess\u00fctaja ehk Eksitaja. Ess\u00fctajat kardeti tema eksitava v\u00e4e t\u00f5ttu. Setode jaoks oli mets v\u00f5\u00f5ras koht, kuhu niisama ei mindud. M\u00fctoloogilises vaates peeti metsa teispoolsuse ja surma paigaks \u2013 tundmatuks ja hirmutavaks kohaks. Metsas kehtis huikamise keeld, sest usuti, et k\u00f5vasti h\u00f5igates v\u00f5i h\u00fc\u00fcdes h\u00f5ikab metshaldjas v\u00f5i Ess\u00fctaja vastu ja meelitab nii valele teele.<\/p>\n<h4>Ess\u00fctaja p\u00e4rimus<\/h4>\n<p><em>Noh ei tea, kellele sa huikad vastu. Ja kui veel huikad vastu &#8230;. ja siis &#8230; v\u00f5i t\u00f5isele inemisele huikad, ku kahekesi metsas, sis \u00fctle enne nimi. \u00dctle enne nimi ja siis huika.\u00a0 A mitte ilma nime \u00fctlemata \u00e4ra huika. Muidu v\u00f5ib tulla m\u00f5ni paha vaim ja huikab sull\u00f5&#8230; ja sa \u00fctled vasta, v\u00f5id mid\u00e4gi \u00e4r eksida v\u00f5i midgi sellist.\u00a0<\/em><\/p>","protected":false},"excerpt":{"rendered":"<p>\u00dcldiseloomustus Ts\u00e4tski nulga keskuseks on V\u00e4rska. Nulk paikneb suuremas osas vee \u00e4\u00e4res ja on naabriks [&hellip;]<\/p>\n","protected":false},"author":1,"featured_media":0,"parent":34,"menu_order":0,"comment_status":"closed","ping_status":"closed","template":"","meta":{"footnotes":""},"class_list":["post-163","page","type-page","status-publish","hentry","entry","grid"],"yoast_head":"<!-- This site is optimized with the Yoast SEO plugin v27.5 - https:\/\/yoast.com\/product\/yoast-seo-wordpress\/ -->\n<title>Ts\u00e4tski nulk - Setogiid<\/title>\n<meta name=\"robots\" content=\"index, follow, max-snippet:-1, max-image-preview:large, max-video-preview:-1\" \/>\n<link rel=\"canonical\" href=\"https:\/\/setogiid.ee\/vaigokene-setomaa\/tsatski-nulk\/\" \/>\n<meta property=\"og:locale\" content=\"en_GB\" \/>\n<meta property=\"og:type\" content=\"article\" \/>\n<meta property=\"og:title\" content=\"Ts\u00e4tski nulk - Setogiid\" \/>\n<meta property=\"og:description\" content=\"\u00dcldiseloomustus Ts\u00e4tski nulga keskuseks on V\u00e4rska. Nulk paikneb suuremas osas vee \u00e4\u00e4res ja on naabriks [&hellip;]\" \/>\n<meta property=\"og:url\" content=\"https:\/\/setogiid.ee\/vaigokene-setomaa\/tsatski-nulk\/\" \/>\n<meta property=\"og:site_name\" content=\"Setogiid\" \/>\n<meta property=\"article:modified_time\" content=\"2024-10-02T12:15:17+00:00\" \/>\n<meta name=\"twitter:card\" content=\"summary_large_image\" \/>\n<meta name=\"twitter:label1\" content=\"Estimated reading time\" \/>\n\t<meta name=\"twitter:data1\" content=\"2 minutes\" \/>\n<script type=\"application\/ld+json\" class=\"yoast-schema-graph\">{\"@context\":\"https:\\\/\\\/schema.org\",\"@graph\":[{\"@type\":\"WebPage\",\"@id\":\"https:\\\/\\\/setogiid.ee\\\/vaigokene-setomaa\\\/tsatski-nulk\\\/\",\"url\":\"https:\\\/\\\/setogiid.ee\\\/vaigokene-setomaa\\\/tsatski-nulk\\\/\",\"name\":\"Ts\u00e4tski nulk - Setogiid\",\"isPartOf\":{\"@id\":\"https:\\\/\\\/setogiid.ee\\\/#website\"},\"datePublished\":\"2021-11-24T12:06:24+00:00\",\"dateModified\":\"2024-10-02T12:15:17+00:00\",\"breadcrumb\":{\"@id\":\"https:\\\/\\\/setogiid.ee\\\/vaigokene-setomaa\\\/tsatski-nulk\\\/#breadcrumb\"},\"inLanguage\":\"en-GB\",\"potentialAction\":[{\"@type\":\"ReadAction\",\"target\":[\"https:\\\/\\\/setogiid.ee\\\/vaigokene-setomaa\\\/tsatski-nulk\\\/\"]}]},{\"@type\":\"BreadcrumbList\",\"@id\":\"https:\\\/\\\/setogiid.ee\\\/vaigokene-setomaa\\\/tsatski-nulk\\\/#breadcrumb\",\"itemListElement\":[{\"@type\":\"ListItem\",\"position\":1,\"name\":\"Home\",\"item\":\"https:\\\/\\\/setogiid.ee\\\/\"},{\"@type\":\"ListItem\",\"position\":2,\"name\":\"V\u00e4igokene Setomaa\",\"item\":\"https:\\\/\\\/setogiid.ee\\\/en\\\/vaigokene-setomaa\\\/\"},{\"@type\":\"ListItem\",\"position\":3,\"name\":\"Ts\u00e4tski nulk\"}]},{\"@type\":\"WebSite\",\"@id\":\"https:\\\/\\\/setogiid.ee\\\/#website\",\"url\":\"https:\\\/\\\/setogiid.ee\\\/\",\"name\":\"Setogiid\",\"description\":\"Sinu teejuht Setomaal\",\"publisher\":{\"@id\":\"https:\\\/\\\/setogiid.ee\\\/#organization\"},\"potentialAction\":[{\"@type\":\"SearchAction\",\"target\":{\"@type\":\"EntryPoint\",\"urlTemplate\":\"https:\\\/\\\/setogiid.ee\\\/?s={search_term_string}\"},\"query-input\":{\"@type\":\"PropertyValueSpecification\",\"valueRequired\":true,\"valueName\":\"search_term_string\"}}],\"inLanguage\":\"en-GB\"},{\"@type\":\"Organization\",\"@id\":\"https:\\\/\\\/setogiid.ee\\\/#organization\",\"name\":\"Setogiid\",\"url\":\"https:\\\/\\\/setogiid.ee\\\/\",\"logo\":{\"@type\":\"ImageObject\",\"inLanguage\":\"en-GB\",\"@id\":\"https:\\\/\\\/setogiid.ee\\\/#\\\/schema\\\/logo\\\/image\\\/\",\"url\":\"https:\\\/\\\/www.setogiid.ee\\\/wp-content\\\/uploads\\\/2023\\\/12\\\/cropped-pisi-01.png\",\"contentUrl\":\"https:\\\/\\\/www.setogiid.ee\\\/wp-content\\\/uploads\\\/2023\\\/12\\\/cropped-pisi-01.png\",\"width\":120,\"height\":120,\"caption\":\"Setogiid\"},\"image\":{\"@id\":\"https:\\\/\\\/setogiid.ee\\\/#\\\/schema\\\/logo\\\/image\\\/\"}}]}<\/script>\n<!-- \/ Yoast SEO plugin. -->","yoast_head_json":{"title":"Ts\u00e4tski nulk - Setogiid","robots":{"index":"index","follow":"follow","max-snippet":"max-snippet:-1","max-image-preview":"max-image-preview:large","max-video-preview":"max-video-preview:-1"},"canonical":"https:\/\/setogiid.ee\/vaigokene-setomaa\/tsatski-nulk\/","og_locale":"en_GB","og_type":"article","og_title":"Ts\u00e4tski nulk - Setogiid","og_description":"\u00dcldiseloomustus Ts\u00e4tski nulga keskuseks on V\u00e4rska. Nulk paikneb suuremas osas vee \u00e4\u00e4res ja on naabriks [&hellip;]","og_url":"https:\/\/setogiid.ee\/vaigokene-setomaa\/tsatski-nulk\/","og_site_name":"Setogiid","article_modified_time":"2024-10-02T12:15:17+00:00","twitter_card":"summary_large_image","twitter_misc":{"Estimated reading time":"2 minutes"},"schema":{"@context":"https:\/\/schema.org","@graph":[{"@type":"WebPage","@id":"https:\/\/setogiid.ee\/vaigokene-setomaa\/tsatski-nulk\/","url":"https:\/\/setogiid.ee\/vaigokene-setomaa\/tsatski-nulk\/","name":"Ts\u00e4tski nulk - Setogiid","isPartOf":{"@id":"https:\/\/setogiid.ee\/#website"},"datePublished":"2021-11-24T12:06:24+00:00","dateModified":"2024-10-02T12:15:17+00:00","breadcrumb":{"@id":"https:\/\/setogiid.ee\/vaigokene-setomaa\/tsatski-nulk\/#breadcrumb"},"inLanguage":"en-GB","potentialAction":[{"@type":"ReadAction","target":["https:\/\/setogiid.ee\/vaigokene-setomaa\/tsatski-nulk\/"]}]},{"@type":"BreadcrumbList","@id":"https:\/\/setogiid.ee\/vaigokene-setomaa\/tsatski-nulk\/#breadcrumb","itemListElement":[{"@type":"ListItem","position":1,"name":"Home","item":"https:\/\/setogiid.ee\/"},{"@type":"ListItem","position":2,"name":"V\u00e4igokene Setomaa","item":"https:\/\/setogiid.ee\/en\/vaigokene-setomaa\/"},{"@type":"ListItem","position":3,"name":"Ts\u00e4tski nulk"}]},{"@type":"WebSite","@id":"https:\/\/setogiid.ee\/#website","url":"https:\/\/setogiid.ee\/","name":"Setogiid","description":"Your Guide in Setomaa","publisher":{"@id":"https:\/\/setogiid.ee\/#organization"},"potentialAction":[{"@type":"SearchAction","target":{"@type":"EntryPoint","urlTemplate":"https:\/\/setogiid.ee\/?s={search_term_string}"},"query-input":{"@type":"PropertyValueSpecification","valueRequired":true,"valueName":"search_term_string"}}],"inLanguage":"en-GB"},{"@type":"Organization","@id":"https:\/\/setogiid.ee\/#organization","name":"Setogiid","url":"https:\/\/setogiid.ee\/","logo":{"@type":"ImageObject","inLanguage":"en-GB","@id":"https:\/\/setogiid.ee\/#\/schema\/logo\/image\/","url":"https:\/\/www.setogiid.ee\/wp-content\/uploads\/2023\/12\/cropped-pisi-01.png","contentUrl":"https:\/\/www.setogiid.ee\/wp-content\/uploads\/2023\/12\/cropped-pisi-01.png","width":120,"height":120,"caption":"Setogiid"},"image":{"@id":"https:\/\/setogiid.ee\/#\/schema\/logo\/image\/"}}]}},"_links":{"self":[{"href":"https:\/\/www.setogiid.ee\/en\/wp-json\/wp\/v2\/pages\/163","targetHints":{"allow":["GET"]}}],"collection":[{"href":"https:\/\/www.setogiid.ee\/en\/wp-json\/wp\/v2\/pages"}],"about":[{"href":"https:\/\/www.setogiid.ee\/en\/wp-json\/wp\/v2\/types\/page"}],"author":[{"embeddable":true,"href":"https:\/\/www.setogiid.ee\/en\/wp-json\/wp\/v2\/users\/1"}],"replies":[{"embeddable":true,"href":"https:\/\/www.setogiid.ee\/en\/wp-json\/wp\/v2\/comments?post=163"}],"version-history":[{"count":5,"href":"https:\/\/www.setogiid.ee\/en\/wp-json\/wp\/v2\/pages\/163\/revisions"}],"predecessor-version":[{"id":1421,"href":"https:\/\/www.setogiid.ee\/en\/wp-json\/wp\/v2\/pages\/163\/revisions\/1421"}],"up":[{"embeddable":true,"href":"https:\/\/www.setogiid.ee\/en\/wp-json\/wp\/v2\/pages\/34"}],"wp:attachment":[{"href":"https:\/\/www.setogiid.ee\/en\/wp-json\/wp\/v2\/media?parent=163"}],"curies":[{"name":"wp","href":"https:\/\/api.w.org\/{rel}","templated":true}]}}