{"id":165,"date":"2021-11-24T12:07:25","date_gmt":"2021-11-24T12:07:25","guid":{"rendered":"https:\/\/setogiid.ee\/?page_id=165"},"modified":"2024-10-02T12:13:47","modified_gmt":"2024-10-02T12:13:47","slug":"saatse-nulk","status":"publish","type":"page","link":"https:\/\/www.setogiid.ee\/en\/vaigokene-setomaa\/saatse-nulk\/","title":{"rendered":"Saatse nulk"},"content":{"rendered":"<h4><strong>\u00dcldiseloomustus <\/strong><\/h4>\n<p>Saatse, varasemalt Saatserinna nulk on nime saanud vene keelest \u2013 Zat\u0161erenje. See omakorda on tekkinud \u00fcldnimest t\u0161eren, mis t\u00e4hendab tamme. Zat\u0161erenje t\u00e4hendab tammikutagust. Saatse nulga keskuseks on samanimeline kirikuk\u00fcla, ainus Setomaal.<\/p>\n<p>Saatse kirikut\u00e4htp\u00e4evadest \u00fcks erilisemaid on P\u00e4\u00e4tnitsap\u00e4ev, mis on tuntud \u00fcle kogu Setomaa. Sellel p\u00e4eval elustub vana traditsioon \u2013 kirikust kantakse v\u00e4lja kivirist, millele omistatakse imettegevat m\u00f5ju. Legend r\u00e4\u00e4gib, et rist leiti kiriku kohalt koos p\u00fchase Paraskevaga. T\u00f5bede ja \u00f5nnetuste korral v\u00f5eti rist kirikust v\u00e4lja ning kanti seda vastup\u00e4eva \u00fcmber kiriku. Haiged ja t\u00f5bised tunglesid \u00fcmber risti ja p\u00fc\u00fcdsid seda korrakski puudutada. P\u00e4rast ristik\u00e4iku mindi l\u00e4hedaste haudadele einestama. Sel p\u00e4eval olid Saatsesse tulnud ka kerjuslaulikud, kes laulsid surnute m\u00e4lestuseks laule ja said selle eest toitu, mida p\u00fchale tulijad kodust kaasa olid v\u00f5tnud.<\/p>\n<p>Inimkond on aegade algusest elanud pidevas enda proovilepaneku tuhinas. Me kompame pidevalt nii f\u00fc\u00fcsilisi kui ka vaimseid piire. See, mis n\u00e4is veel m\u00f5ni aeg tagasi ilmv\u00f5imatu, on teoks saanud. Me jookseme ja ujume j\u00e4rjest kiiremini, h\u00fcppame k\u00f5rgemale ja kaugemale ning suudame seletada v\u00e4ga keerulisi n\u00e4htusi ja teha uusi avastusi. Siiski on lugematud p\u00f5lvkonnad enne meid ja t\u00f5en\u00e4oliselt ka meie j\u00e4rel sunnitud moel v\u00f5i teisel t\u00f5dema, et midagi uut ei ole enam v\u00f5imalik leiutada. Ja just siis, kui tundub, et k\u00f5ik on l\u00f5plikult valmis, toimub korraga uus l\u00e4bimurre v\u00f5i avastus. Niisiis v\u00f5ib teadlikkus iseenda piiratusest aidata meil kogeda piiride v\u00e4list, sunnib meid arenema ja lahendusi otsima.<\/p>","protected":false},"excerpt":{"rendered":"<p>\u00dcldiseloomustus Saatse, varasemalt Saatserinna nulk on nime saanud vene keelest \u2013 Zat\u0161erenje. See omakorda on [&hellip;]<\/p>\n","protected":false},"author":1,"featured_media":0,"parent":34,"menu_order":0,"comment_status":"closed","ping_status":"closed","template":"","meta":{"footnotes":""},"class_list":["post-165","page","type-page","status-publish","hentry","entry","grid"],"yoast_head":"<!-- This site is optimized with the Yoast SEO plugin v27.5 - https:\/\/yoast.com\/product\/yoast-seo-wordpress\/ -->\n<title>Saatse nulk - Setogiid<\/title>\n<meta name=\"robots\" content=\"index, follow, max-snippet:-1, max-image-preview:large, max-video-preview:-1\" \/>\n<link rel=\"canonical\" href=\"https:\/\/setogiid.ee\/vaigokene-setomaa\/saatse-nulk\/\" \/>\n<meta property=\"og:locale\" content=\"en_GB\" \/>\n<meta property=\"og:type\" content=\"article\" \/>\n<meta property=\"og:title\" content=\"Saatse nulk - Setogiid\" \/>\n<meta property=\"og:description\" content=\"\u00dcldiseloomustus Saatse, varasemalt Saatserinna nulk on nime saanud vene keelest \u2013 Zat\u0161erenje. See omakorda on [&hellip;]\" \/>\n<meta property=\"og:url\" content=\"https:\/\/setogiid.ee\/vaigokene-setomaa\/saatse-nulk\/\" \/>\n<meta property=\"og:site_name\" content=\"Setogiid\" \/>\n<meta property=\"article:modified_time\" content=\"2024-10-02T12:13:47+00:00\" \/>\n<meta name=\"twitter:card\" content=\"summary_large_image\" \/>\n<meta name=\"twitter:label1\" content=\"Estimated reading time\" \/>\n\t<meta name=\"twitter:data1\" content=\"2 minutes\" \/>\n<script type=\"application\/ld+json\" class=\"yoast-schema-graph\">{\"@context\":\"https:\\\/\\\/schema.org\",\"@graph\":[{\"@type\":\"WebPage\",\"@id\":\"https:\\\/\\\/setogiid.ee\\\/vaigokene-setomaa\\\/saatse-nulk\\\/\",\"url\":\"https:\\\/\\\/setogiid.ee\\\/vaigokene-setomaa\\\/saatse-nulk\\\/\",\"name\":\"Saatse nulk - Setogiid\",\"isPartOf\":{\"@id\":\"https:\\\/\\\/setogiid.ee\\\/#website\"},\"datePublished\":\"2021-11-24T12:07:25+00:00\",\"dateModified\":\"2024-10-02T12:13:47+00:00\",\"breadcrumb\":{\"@id\":\"https:\\\/\\\/setogiid.ee\\\/vaigokene-setomaa\\\/saatse-nulk\\\/#breadcrumb\"},\"inLanguage\":\"en-GB\",\"potentialAction\":[{\"@type\":\"ReadAction\",\"target\":[\"https:\\\/\\\/setogiid.ee\\\/vaigokene-setomaa\\\/saatse-nulk\\\/\"]}]},{\"@type\":\"BreadcrumbList\",\"@id\":\"https:\\\/\\\/setogiid.ee\\\/vaigokene-setomaa\\\/saatse-nulk\\\/#breadcrumb\",\"itemListElement\":[{\"@type\":\"ListItem\",\"position\":1,\"name\":\"Home\",\"item\":\"https:\\\/\\\/setogiid.ee\\\/\"},{\"@type\":\"ListItem\",\"position\":2,\"name\":\"V\u00e4igokene Setomaa\",\"item\":\"https:\\\/\\\/setogiid.ee\\\/en\\\/vaigokene-setomaa\\\/\"},{\"@type\":\"ListItem\",\"position\":3,\"name\":\"Saatse nulk\"}]},{\"@type\":\"WebSite\",\"@id\":\"https:\\\/\\\/setogiid.ee\\\/#website\",\"url\":\"https:\\\/\\\/setogiid.ee\\\/\",\"name\":\"Setogiid\",\"description\":\"Sinu teejuht Setomaal\",\"publisher\":{\"@id\":\"https:\\\/\\\/setogiid.ee\\\/#organization\"},\"potentialAction\":[{\"@type\":\"SearchAction\",\"target\":{\"@type\":\"EntryPoint\",\"urlTemplate\":\"https:\\\/\\\/setogiid.ee\\\/?s={search_term_string}\"},\"query-input\":{\"@type\":\"PropertyValueSpecification\",\"valueRequired\":true,\"valueName\":\"search_term_string\"}}],\"inLanguage\":\"en-GB\"},{\"@type\":\"Organization\",\"@id\":\"https:\\\/\\\/setogiid.ee\\\/#organization\",\"name\":\"Setogiid\",\"url\":\"https:\\\/\\\/setogiid.ee\\\/\",\"logo\":{\"@type\":\"ImageObject\",\"inLanguage\":\"en-GB\",\"@id\":\"https:\\\/\\\/setogiid.ee\\\/#\\\/schema\\\/logo\\\/image\\\/\",\"url\":\"https:\\\/\\\/www.setogiid.ee\\\/wp-content\\\/uploads\\\/2023\\\/12\\\/cropped-pisi-01.png\",\"contentUrl\":\"https:\\\/\\\/www.setogiid.ee\\\/wp-content\\\/uploads\\\/2023\\\/12\\\/cropped-pisi-01.png\",\"width\":120,\"height\":120,\"caption\":\"Setogiid\"},\"image\":{\"@id\":\"https:\\\/\\\/setogiid.ee\\\/#\\\/schema\\\/logo\\\/image\\\/\"}}]}<\/script>\n<!-- \/ Yoast SEO plugin. -->","yoast_head_json":{"title":"Saatse nulk - Setogiid","robots":{"index":"index","follow":"follow","max-snippet":"max-snippet:-1","max-image-preview":"max-image-preview:large","max-video-preview":"max-video-preview:-1"},"canonical":"https:\/\/setogiid.ee\/vaigokene-setomaa\/saatse-nulk\/","og_locale":"en_GB","og_type":"article","og_title":"Saatse nulk - Setogiid","og_description":"\u00dcldiseloomustus Saatse, varasemalt Saatserinna nulk on nime saanud vene keelest \u2013 Zat\u0161erenje. See omakorda on [&hellip;]","og_url":"https:\/\/setogiid.ee\/vaigokene-setomaa\/saatse-nulk\/","og_site_name":"Setogiid","article_modified_time":"2024-10-02T12:13:47+00:00","twitter_card":"summary_large_image","twitter_misc":{"Estimated reading time":"2 minutes"},"schema":{"@context":"https:\/\/schema.org","@graph":[{"@type":"WebPage","@id":"https:\/\/setogiid.ee\/vaigokene-setomaa\/saatse-nulk\/","url":"https:\/\/setogiid.ee\/vaigokene-setomaa\/saatse-nulk\/","name":"Saatse nulk - Setogiid","isPartOf":{"@id":"https:\/\/setogiid.ee\/#website"},"datePublished":"2021-11-24T12:07:25+00:00","dateModified":"2024-10-02T12:13:47+00:00","breadcrumb":{"@id":"https:\/\/setogiid.ee\/vaigokene-setomaa\/saatse-nulk\/#breadcrumb"},"inLanguage":"en-GB","potentialAction":[{"@type":"ReadAction","target":["https:\/\/setogiid.ee\/vaigokene-setomaa\/saatse-nulk\/"]}]},{"@type":"BreadcrumbList","@id":"https:\/\/setogiid.ee\/vaigokene-setomaa\/saatse-nulk\/#breadcrumb","itemListElement":[{"@type":"ListItem","position":1,"name":"Home","item":"https:\/\/setogiid.ee\/"},{"@type":"ListItem","position":2,"name":"V\u00e4igokene Setomaa","item":"https:\/\/setogiid.ee\/en\/vaigokene-setomaa\/"},{"@type":"ListItem","position":3,"name":"Saatse nulk"}]},{"@type":"WebSite","@id":"https:\/\/setogiid.ee\/#website","url":"https:\/\/setogiid.ee\/","name":"Setogiid","description":"Your Guide in Setomaa","publisher":{"@id":"https:\/\/setogiid.ee\/#organization"},"potentialAction":[{"@type":"SearchAction","target":{"@type":"EntryPoint","urlTemplate":"https:\/\/setogiid.ee\/?s={search_term_string}"},"query-input":{"@type":"PropertyValueSpecification","valueRequired":true,"valueName":"search_term_string"}}],"inLanguage":"en-GB"},{"@type":"Organization","@id":"https:\/\/setogiid.ee\/#organization","name":"Setogiid","url":"https:\/\/setogiid.ee\/","logo":{"@type":"ImageObject","inLanguage":"en-GB","@id":"https:\/\/setogiid.ee\/#\/schema\/logo\/image\/","url":"https:\/\/www.setogiid.ee\/wp-content\/uploads\/2023\/12\/cropped-pisi-01.png","contentUrl":"https:\/\/www.setogiid.ee\/wp-content\/uploads\/2023\/12\/cropped-pisi-01.png","width":120,"height":120,"caption":"Setogiid"},"image":{"@id":"https:\/\/setogiid.ee\/#\/schema\/logo\/image\/"}}]}},"_links":{"self":[{"href":"https:\/\/www.setogiid.ee\/en\/wp-json\/wp\/v2\/pages\/165","targetHints":{"allow":["GET"]}}],"collection":[{"href":"https:\/\/www.setogiid.ee\/en\/wp-json\/wp\/v2\/pages"}],"about":[{"href":"https:\/\/www.setogiid.ee\/en\/wp-json\/wp\/v2\/types\/page"}],"author":[{"embeddable":true,"href":"https:\/\/www.setogiid.ee\/en\/wp-json\/wp\/v2\/users\/1"}],"replies":[{"embeddable":true,"href":"https:\/\/www.setogiid.ee\/en\/wp-json\/wp\/v2\/comments?post=165"}],"version-history":[{"count":5,"href":"https:\/\/www.setogiid.ee\/en\/wp-json\/wp\/v2\/pages\/165\/revisions"}],"predecessor-version":[{"id":1418,"href":"https:\/\/www.setogiid.ee\/en\/wp-json\/wp\/v2\/pages\/165\/revisions\/1418"}],"up":[{"embeddable":true,"href":"https:\/\/www.setogiid.ee\/en\/wp-json\/wp\/v2\/pages\/34"}],"wp:attachment":[{"href":"https:\/\/www.setogiid.ee\/en\/wp-json\/wp\/v2\/media?parent=165"}],"curies":[{"name":"wp","href":"https:\/\/api.w.org\/{rel}","templated":true}]}}