{"id":44,"date":"2021-11-06T09:57:00","date_gmt":"2021-11-06T09:57:00","guid":{"rendered":"https:\/\/setogiid.ee\/?page_id=44"},"modified":"2023-12-30T13:51:37","modified_gmt":"2023-12-30T13:51:37","slug":"varska","status":"publish","type":"page","link":"https:\/\/www.setogiid.ee\/en\/setomaa-audiogiidid\/varska\/","title":{"rendered":"Audio Guide of V\u00e4rska"},"content":{"rendered":"<div data-elementor-type=\"wp-page\" data-elementor-id=\"44\" class=\"elementor elementor-44\">\n\t\t\t\t\t\t<section class=\"elementor-section elementor-top-section elementor-element elementor-element-104e0f8 elementor-section-boxed elementor-section-height-default elementor-section-height-default\" data-id=\"104e0f8\" data-element_type=\"section\">\n\t\t\t\t\t\t<div class=\"elementor-container elementor-column-gap-default\">\n\t\t\t\t\t<div class=\"elementor-column elementor-col-100 elementor-top-column elementor-element elementor-element-871ffa7\" data-id=\"871ffa7\" data-element_type=\"column\">\n\t\t\t<div class=\"elementor-widget-wrap elementor-element-populated\">\n\t\t\t\t\t\t<div class=\"elementor-element elementor-element-c799153 elementor-widget elementor-widget-image\" data-id=\"c799153\" data-element_type=\"widget\" data-widget_type=\"image.default\">\n\t\t\t\t<div class=\"elementor-widget-container\">\n\t\t\t\t\t\t\t\t\t\t\t\t\t<img fetchpriority=\"high\" decoding=\"async\" width=\"2048\" height=\"804\" src=\"https:\/\/www.setogiid.ee\/wp-content\/uploads\/2023\/12\/VARSKAkaart-01-2048x804.png\" class=\"attachment-2048x2048 size-2048x2048 wp-image-1004\" alt=\"\" srcset=\"https:\/\/www.setogiid.ee\/wp-content\/uploads\/2023\/12\/VARSKAkaart-01-2048x804.png 2048w, https:\/\/www.setogiid.ee\/wp-content\/uploads\/2023\/12\/VARSKAkaart-01-300x118.png 300w, https:\/\/www.setogiid.ee\/wp-content\/uploads\/2023\/12\/VARSKAkaart-01-1024x402.png 1024w, https:\/\/www.setogiid.ee\/wp-content\/uploads\/2023\/12\/VARSKAkaart-01-768x301.png 768w, https:\/\/www.setogiid.ee\/wp-content\/uploads\/2023\/12\/VARSKAkaart-01-1536x603.png 1536w, https:\/\/www.setogiid.ee\/wp-content\/uploads\/2023\/12\/VARSKAkaart-01-18x7.png 18w, https:\/\/www.setogiid.ee\/wp-content\/uploads\/2023\/12\/VARSKAkaart-01-640x251.png 640w, https:\/\/www.setogiid.ee\/wp-content\/uploads\/2023\/12\/VARSKAkaart-01-1100x432.png 1100w, https:\/\/www.setogiid.ee\/wp-content\/uploads\/2023\/12\/VARSKAkaart-01-1440x565.png 1440w, https:\/\/www.setogiid.ee\/wp-content\/uploads\/2023\/12\/VARSKAkaart-01-2000x785.png 2000w\" sizes=\"(max-width: 2048px) 100vw, 2048px\" \/>\t\t\t\t\t\t\t\t\t\t\t\t\t<\/div>\n\t\t\t\t<\/div>\n\t\t\t\t<section class=\"elementor-section elementor-inner-section elementor-element elementor-element-29133b1 elementor-section-boxed elementor-section-height-default elementor-section-height-default\" data-id=\"29133b1\" data-element_type=\"section\">\n\t\t\t\t\t\t<div class=\"elementor-container elementor-column-gap-default\">\n\t\t\t\t\t<div class=\"elementor-column elementor-col-50 elementor-inner-column elementor-element elementor-element-685bada\" data-id=\"685bada\" data-element_type=\"column\">\n\t\t\t<div class=\"elementor-widget-wrap elementor-element-populated\">\n\t\t\t\t\t\t<div class=\"elementor-element elementor-element-4b67297 elementor-widget elementor-widget-button\" data-id=\"4b67297\" data-element_type=\"widget\" data-widget_type=\"button.default\">\n\t\t\t\t<div class=\"elementor-widget-container\">\n\t\t\t\t\t<div class=\"elementor-button-wrapper\">\n\t\t\t<a class=\"elementor-button elementor-button-link elementor-size-sm\" href=\"https:\/\/www.setogiid.ee\/en\/rehi\/\">\n\t\t\t\t\t\t<span class=\"elementor-button-content-wrapper\">\n\t\t\t\t\t\t\t\t\t<span class=\"elementor-button-text\">1. Threshing Barn<\/span>\n\t\t\t\t\t<\/span>\n\t\t\t\t\t<\/a>\n\t\t<\/div>\n\t\t\t\t<\/div>\n\t\t\t\t<\/div>\n\t\t\t\t<div class=\"elementor-element elementor-element-ab4a4f3 elementor-widget elementor-widget-button\" data-id=\"ab4a4f3\" data-element_type=\"widget\" data-widget_type=\"button.default\">\n\t\t\t\t<div class=\"elementor-widget-container\">\n\t\t\t\t\t<div class=\"elementor-button-wrapper\">\n\t\t\t<a class=\"elementor-button elementor-button-link elementor-size-sm\" href=\"https:\/\/www.setogiid.ee\/en\/laut\/\">\n\t\t\t\t\t\t<span class=\"elementor-button-content-wrapper\">\n\t\t\t\t\t\t\t\t\t<span class=\"elementor-button-text\">2. Stables<\/span>\n\t\t\t\t\t<\/span>\n\t\t\t\t\t<\/a>\n\t\t<\/div>\n\t\t\t\t<\/div>\n\t\t\t\t<\/div>\n\t\t\t\t<div class=\"elementor-element elementor-element-40b40bd elementor-widget elementor-widget-button\" data-id=\"40b40bd\" data-element_type=\"widget\" data-widget_type=\"button.default\">\n\t\t\t\t<div class=\"elementor-widget-container\">\n\t\t\t\t\t<div class=\"elementor-button-wrapper\">\n\t\t\t<a class=\"elementor-button elementor-button-link elementor-size-sm\" href=\"https:\/\/www.setogiid.ee\/en\/heinakuun\/\">\n\t\t\t\t\t\t<span class=\"elementor-button-content-wrapper\">\n\t\t\t\t\t\t\t\t\t<span class=\"elementor-button-text\">3. Hay Barn<\/span>\n\t\t\t\t\t<\/span>\n\t\t\t\t\t<\/a>\n\t\t<\/div>\n\t\t\t\t<\/div>\n\t\t\t\t<\/div>\n\t\t\t\t<div class=\"elementor-element elementor-element-a9f9c7c elementor-widget elementor-widget-button\" data-id=\"a9f9c7c\" data-element_type=\"widget\" data-widget_type=\"button.default\">\n\t\t\t\t<div class=\"elementor-widget-container\">\n\t\t\t\t\t<div class=\"elementor-button-wrapper\">\n\t\t\t<a class=\"elementor-button elementor-button-link elementor-size-sm\" href=\"https:\/\/www.setogiid.ee\/en\/aidad\/\">\n\t\t\t\t\t\t<span class=\"elementor-button-content-wrapper\">\n\t\t\t\t\t\t\t\t\t<span class=\"elementor-button-text\">4. Barns<\/span>\n\t\t\t\t\t<\/span>\n\t\t\t\t\t<\/a>\n\t\t<\/div>\n\t\t\t\t<\/div>\n\t\t\t\t<\/div>\n\t\t\t\t<div class=\"elementor-element elementor-element-b800a04 elementor-widget elementor-widget-button\" data-id=\"b800a04\" data-element_type=\"widget\" data-widget_type=\"button.default\">\n\t\t\t\t<div class=\"elementor-widget-container\">\n\t\t\t\t\t<div class=\"elementor-button-wrapper\">\n\t\t\t<a class=\"elementor-button elementor-button-link elementor-size-sm\" href=\"https:\/\/www.setogiid.ee\/en\/varjualune\/\">\n\t\t\t\t\t\t<span class=\"elementor-button-content-wrapper\">\n\t\t\t\t\t\t\t\t\t<span class=\"elementor-button-text\">5. Open Space Between Barns<\/span>\n\t\t\t\t\t<\/span>\n\t\t\t\t\t<\/a>\n\t\t<\/div>\n\t\t\t\t<\/div>\n\t\t\t\t<\/div>\n\t\t\t\t<div class=\"elementor-element elementor-element-5b252d9 elementor-widget elementor-widget-button\" data-id=\"5b252d9\" data-element_type=\"widget\" data-widget_type=\"button.default\">\n\t\t\t\t<div class=\"elementor-widget-container\">\n\t\t\t\t\t<div class=\"elementor-button-wrapper\">\n\t\t\t<a class=\"elementor-button elementor-button-link elementor-size-sm\" href=\"https:\/\/www.setogiid.ee\/en\/potivabrik\/\">\n\t\t\t\t\t\t<span class=\"elementor-button-content-wrapper\">\n\t\t\t\t\t\t\t\t\t<span class=\"elementor-button-text\">6. Pottery<\/span>\n\t\t\t\t\t<\/span>\n\t\t\t\t\t<\/a>\n\t\t<\/div>\n\t\t\t\t<\/div>\n\t\t\t\t<\/div>\n\t\t\t\t\t<\/div>\n\t\t<\/div>\n\t\t\t\t<div class=\"elementor-column elementor-col-50 elementor-inner-column elementor-element elementor-element-9183ab6\" data-id=\"9183ab6\" data-element_type=\"column\">\n\t\t\t<div class=\"elementor-widget-wrap elementor-element-populated\">\n\t\t\t\t\t\t<div class=\"elementor-element elementor-element-f35f94e elementor-widget elementor-widget-button\" data-id=\"f35f94e\" data-element_type=\"widget\" data-widget_type=\"button.default\">\n\t\t\t\t<div class=\"elementor-widget-container\">\n\t\t\t\t\t<div class=\"elementor-button-wrapper\">\n\t\t\t<a class=\"elementor-button elementor-button-link elementor-size-sm\" href=\"https:\/\/www.setogiid.ee\/en\/sepikoda\/\">\n\t\t\t\t\t\t<span class=\"elementor-button-content-wrapper\">\n\t\t\t\t\t\t\t\t\t<span class=\"elementor-button-text\">7. Smithery<\/span>\n\t\t\t\t\t<\/span>\n\t\t\t\t\t<\/a>\n\t\t<\/div>\n\t\t\t\t<\/div>\n\t\t\t\t<\/div>\n\t\t\t\t<div class=\"elementor-element elementor-element-7dd30c9 elementor-widget elementor-widget-button\" data-id=\"7dd30c9\" data-element_type=\"widget\" data-widget_type=\"button.default\">\n\t\t\t\t<div class=\"elementor-widget-container\">\n\t\t\t\t\t<div class=\"elementor-button-wrapper\">\n\t\t\t<a class=\"elementor-button elementor-button-link elementor-size-sm\" href=\"https:\/\/www.setogiid.ee\/en\/suitsusaun\/\">\n\t\t\t\t\t\t<span class=\"elementor-button-content-wrapper\">\n\t\t\t\t\t\t\t\t\t<span class=\"elementor-button-text\">8. Smoke Sauna<\/span>\n\t\t\t\t\t<\/span>\n\t\t\t\t\t<\/a>\n\t\t<\/div>\n\t\t\t\t<\/div>\n\t\t\t\t<\/div>\n\t\t\t\t<div class=\"elementor-element elementor-element-5bd09c2 elementor-widget elementor-widget-button\" data-id=\"5bd09c2\" data-element_type=\"widget\" data-widget_type=\"button.default\">\n\t\t\t\t<div class=\"elementor-widget-container\">\n\t\t\t\t\t<div class=\"elementor-button-wrapper\">\n\t\t\t<a class=\"elementor-button elementor-button-link elementor-size-sm\" href=\"https:\/\/www.setogiid.ee\/en\/elumaja\/\">\n\t\t\t\t\t\t<span class=\"elementor-button-content-wrapper\">\n\t\t\t\t\t\t\t\t\t<span class=\"elementor-button-text\">9. Dwelling House<\/span>\n\t\t\t\t\t<\/span>\n\t\t\t\t\t<\/a>\n\t\t<\/div>\n\t\t\t\t<\/div>\n\t\t\t\t<\/div>\n\t\t\t\t<div class=\"elementor-element elementor-element-92d1f64 elementor-widget elementor-widget-button\" data-id=\"92d1f64\" data-element_type=\"widget\" data-widget_type=\"button.default\">\n\t\t\t\t<div class=\"elementor-widget-container\">\n\t\t\t\t\t<div class=\"elementor-button-wrapper\">\n\t\t\t<a class=\"elementor-button elementor-button-link elementor-size-sm\" href=\"https:\/\/www.setogiid.ee\/en\/kelder\/\">\n\t\t\t\t\t\t<span class=\"elementor-button-content-wrapper\">\n\t\t\t\t\t\t\t\t\t<span class=\"elementor-button-text\">10. Basement Cellar<\/span>\n\t\t\t\t\t<\/span>\n\t\t\t\t\t<\/a>\n\t\t<\/div>\n\t\t\t\t<\/div>\n\t\t\t\t<\/div>\n\t\t\t\t<div class=\"elementor-element elementor-element-9c22e87 elementor-widget elementor-widget-button\" data-id=\"9c22e87\" data-element_type=\"widget\" data-widget_type=\"button.default\">\n\t\t\t\t<div class=\"elementor-widget-container\">\n\t\t\t\t\t<div class=\"elementor-button-wrapper\">\n\t\t\t<a class=\"elementor-button elementor-button-link elementor-size-sm\" href=\"https:\/\/www.setogiid.ee\/en\/tsulana\/\">\n\t\t\t\t\t\t<span class=\"elementor-button-content-wrapper\">\n\t\t\t\t\t\t\t\t\t<span class=\"elementor-button-text\">11. Cold Room<\/span>\n\t\t\t\t\t<\/span>\n\t\t\t\t\t<\/a>\n\t\t<\/div>\n\t\t\t\t<\/div>\n\t\t\t\t<\/div>\n\t\t\t\t<div class=\"elementor-element elementor-element-f25df16 elementor-widget elementor-widget-button\" data-id=\"f25df16\" data-element_type=\"widget\" data-widget_type=\"button.default\">\n\t\t\t\t<div class=\"elementor-widget-container\">\n\t\t\t\t\t<div class=\"elementor-button-wrapper\">\n\t\t\t<a class=\"elementor-button elementor-button-link elementor-size-sm\" href=\"https:\/\/www.setogiid.ee\/en\/teemaja\/\">\n\t\t\t\t\t\t<span class=\"elementor-button-content-wrapper\">\n\t\t\t\t\t\t\t\t\t<span class=\"elementor-button-text\">12. Teahouse<\/span>\n\t\t\t\t\t<\/span>\n\t\t\t\t\t<\/a>\n\t\t<\/div>\n\t\t\t\t<\/div>\n\t\t\t\t<\/div>\n\t\t\t\t\t<\/div>\n\t\t<\/div>\n\t\t\t\t\t<\/div>\n\t\t<\/section>\n\t\t\t\t<div class=\"elementor-element elementor-element-5881f19 elementor-widget elementor-widget-google_maps\" data-id=\"5881f19\" data-element_type=\"widget\" data-widget_type=\"google_maps.default\">\n\t\t\t\t<div class=\"elementor-widget-container\">\n\t\t\t\t\t<div class=\"elementor-custom-embed\">\n\t\t\t<iframe loading=\"lazy\"\n\t\t\t\t\tsrc=\"https:\/\/maps.google.com\/maps?q=V%C3%A4rska%20talumuuseum&#038;t=m&#038;z=10&#038;output=embed&#038;iwloc=near\"\n\t\t\t\t\ttitle=\"V\u00e4rska Farm Museum\"\n\t\t\t\t\taria-label=\"V\u00e4rska Farm Museum\"\n\t\t\t><\/iframe>\n\t\t<\/div>\n\t\t\t\t<\/div>\n\t\t\t\t<\/div>\n\t\t\t\t\t<\/div>\n\t\t<\/div>\n\t\t\t\t\t<\/div>\n\t\t<\/section>\n\t\t\t\t<\/div>","protected":false},"excerpt":{"rendered":"<p>1. Rehi 2. Laut 3. Heinak\u00fc\u00fcn 4. Aidad 5. Varjualune 6. Potivabrik 7. Sepikoda 8. [&hellip;]<\/p>\n","protected":false},"author":1,"featured_media":0,"parent":892,"menu_order":0,"comment_status":"closed","ping_status":"closed","template":"","meta":{"footnotes":""},"class_list":["post-44","page","type-page","status-publish","hentry","entry","grid"],"yoast_head":"<!-- This site is optimized with the Yoast SEO plugin v27.4 - https:\/\/yoast.com\/product\/yoast-seo-wordpress\/ -->\n<title>V\u00e4rska audiogiid - Setogiid<\/title>\n<meta name=\"robots\" content=\"index, follow, max-snippet:-1, max-image-preview:large, max-video-preview:-1\" \/>\n<link rel=\"canonical\" href=\"https:\/\/www.setogiid.ee\/en\/setomaa-audiogiidid\/varska\/\" \/>\n<meta property=\"og:locale\" content=\"en_GB\" \/>\n<meta property=\"og:type\" content=\"article\" \/>\n<meta property=\"og:title\" content=\"V\u00e4rska audiogiid - Setogiid\" \/>\n<meta property=\"og:description\" content=\"1. Rehi 2. Laut 3. Heinak\u00fc\u00fcn 4. Aidad 5. Varjualune 6. Potivabrik 7. Sepikoda 8. [&hellip;]\" \/>\n<meta property=\"og:url\" content=\"https:\/\/www.setogiid.ee\/en\/setomaa-audiogiidid\/varska\/\" \/>\n<meta property=\"og:site_name\" content=\"Setogiid\" \/>\n<meta property=\"article:modified_time\" content=\"2023-12-30T13:51:37+00:00\" \/>\n<meta property=\"og:image\" content=\"https:\/\/setogiid.ee\/wp-content\/uploads\/2023\/12\/VARSKAkaart-01-2048x804.png\" \/>\n<meta name=\"twitter:card\" content=\"summary_large_image\" \/>\n<meta name=\"twitter:label1\" content=\"Estimated reading time\" \/>\n\t<meta name=\"twitter:data1\" content=\"1 minute\" \/>\n<script type=\"application\/ld+json\" class=\"yoast-schema-graph\">{\"@context\":\"https:\\\/\\\/schema.org\",\"@graph\":[{\"@type\":\"WebPage\",\"@id\":\"https:\\\/\\\/www.setogiid.ee\\\/setomaa-audiogiidid\\\/varska\\\/\",\"url\":\"https:\\\/\\\/www.setogiid.ee\\\/setomaa-audiogiidid\\\/varska\\\/\",\"name\":\"V\u00e4rska audiogiid - Setogiid\",\"isPartOf\":{\"@id\":\"https:\\\/\\\/www.setogiid.ee\\\/en\\\/#website\"},\"primaryImageOfPage\":{\"@id\":\"https:\\\/\\\/www.setogiid.ee\\\/setomaa-audiogiidid\\\/varska\\\/#primaryimage\"},\"image\":{\"@id\":\"https:\\\/\\\/www.setogiid.ee\\\/setomaa-audiogiidid\\\/varska\\\/#primaryimage\"},\"thumbnailUrl\":\"https:\\\/\\\/setogiid.ee\\\/wp-content\\\/uploads\\\/2023\\\/12\\\/VARSKAkaart-01-2048x804.png\",\"datePublished\":\"2021-11-06T09:57:00+00:00\",\"dateModified\":\"2023-12-30T13:51:37+00:00\",\"breadcrumb\":{\"@id\":\"https:\\\/\\\/www.setogiid.ee\\\/setomaa-audiogiidid\\\/varska\\\/#breadcrumb\"},\"inLanguage\":\"en-GB\",\"potentialAction\":[{\"@type\":\"ReadAction\",\"target\":[\"https:\\\/\\\/www.setogiid.ee\\\/setomaa-audiogiidid\\\/varska\\\/\"]}]},{\"@type\":\"ImageObject\",\"inLanguage\":\"en-GB\",\"@id\":\"https:\\\/\\\/www.setogiid.ee\\\/setomaa-audiogiidid\\\/varska\\\/#primaryimage\",\"url\":\"https:\\\/\\\/setogiid.ee\\\/wp-content\\\/uploads\\\/2023\\\/12\\\/VARSKAkaart-01-2048x804.png\",\"contentUrl\":\"https:\\\/\\\/setogiid.ee\\\/wp-content\\\/uploads\\\/2023\\\/12\\\/VARSKAkaart-01-2048x804.png\"},{\"@type\":\"BreadcrumbList\",\"@id\":\"https:\\\/\\\/www.setogiid.ee\\\/setomaa-audiogiidid\\\/varska\\\/#breadcrumb\",\"itemListElement\":[{\"@type\":\"ListItem\",\"position\":1,\"name\":\"Home\",\"item\":\"https:\\\/\\\/www.setogiid.ee\\\/en\\\/\"},{\"@type\":\"ListItem\",\"position\":2,\"name\":\"Setomaa audiogiidid\",\"item\":\"https:\\\/\\\/www.setogiid.ee\\\/en\\\/setomaa-audiogiidid\\\/\"},{\"@type\":\"ListItem\",\"position\":3,\"name\":\"V\u00e4rska audiogiid\"}]},{\"@type\":\"WebSite\",\"@id\":\"https:\\\/\\\/www.setogiid.ee\\\/en\\\/#website\",\"url\":\"https:\\\/\\\/www.setogiid.ee\\\/en\\\/\",\"name\":\"Setogiid\",\"description\":\"Sinu teejuht Setomaal\",\"publisher\":{\"@id\":\"https:\\\/\\\/www.setogiid.ee\\\/en\\\/#organization\"},\"potentialAction\":[{\"@type\":\"SearchAction\",\"target\":{\"@type\":\"EntryPoint\",\"urlTemplate\":\"https:\\\/\\\/www.setogiid.ee\\\/en\\\/?s={search_term_string}\"},\"query-input\":{\"@type\":\"PropertyValueSpecification\",\"valueRequired\":true,\"valueName\":\"search_term_string\"}}],\"inLanguage\":\"en-GB\"},{\"@type\":\"Organization\",\"@id\":\"https:\\\/\\\/www.setogiid.ee\\\/en\\\/#organization\",\"name\":\"Setogiid\",\"url\":\"https:\\\/\\\/www.setogiid.ee\\\/en\\\/\",\"logo\":{\"@type\":\"ImageObject\",\"inLanguage\":\"en-GB\",\"@id\":\"https:\\\/\\\/www.setogiid.ee\\\/en\\\/#\\\/schema\\\/logo\\\/image\\\/\",\"url\":\"https:\\\/\\\/www.setogiid.ee\\\/wp-content\\\/uploads\\\/2023\\\/12\\\/cropped-pisi-01.png\",\"contentUrl\":\"https:\\\/\\\/www.setogiid.ee\\\/wp-content\\\/uploads\\\/2023\\\/12\\\/cropped-pisi-01.png\",\"width\":120,\"height\":120,\"caption\":\"Setogiid\"},\"image\":{\"@id\":\"https:\\\/\\\/www.setogiid.ee\\\/en\\\/#\\\/schema\\\/logo\\\/image\\\/\"}}]}<\/script>\n<!-- \/ Yoast SEO plugin. -->","yoast_head_json":{"title":"V\u00e4rska audiogiid - Setogiid","robots":{"index":"index","follow":"follow","max-snippet":"max-snippet:-1","max-image-preview":"max-image-preview:large","max-video-preview":"max-video-preview:-1"},"canonical":"https:\/\/www.setogiid.ee\/en\/setomaa-audiogiidid\/varska\/","og_locale":"en_GB","og_type":"article","og_title":"V\u00e4rska audiogiid - Setogiid","og_description":"1. Rehi 2. Laut 3. Heinak\u00fc\u00fcn 4. Aidad 5. Varjualune 6. Potivabrik 7. Sepikoda 8. [&hellip;]","og_url":"https:\/\/www.setogiid.ee\/en\/setomaa-audiogiidid\/varska\/","og_site_name":"Setogiid","article_modified_time":"2023-12-30T13:51:37+00:00","og_image":[{"url":"https:\/\/setogiid.ee\/wp-content\/uploads\/2023\/12\/VARSKAkaart-01-2048x804.png","type":"","width":"","height":""}],"twitter_card":"summary_large_image","twitter_misc":{"Estimated reading time":"1 minute"},"schema":{"@context":"https:\/\/schema.org","@graph":[{"@type":"WebPage","@id":"https:\/\/www.setogiid.ee\/setomaa-audiogiidid\/varska\/","url":"https:\/\/www.setogiid.ee\/setomaa-audiogiidid\/varska\/","name":"V\u00e4rska audiogiid - Setogiid","isPartOf":{"@id":"https:\/\/www.setogiid.ee\/en\/#website"},"primaryImageOfPage":{"@id":"https:\/\/www.setogiid.ee\/setomaa-audiogiidid\/varska\/#primaryimage"},"image":{"@id":"https:\/\/www.setogiid.ee\/setomaa-audiogiidid\/varska\/#primaryimage"},"thumbnailUrl":"https:\/\/setogiid.ee\/wp-content\/uploads\/2023\/12\/VARSKAkaart-01-2048x804.png","datePublished":"2021-11-06T09:57:00+00:00","dateModified":"2023-12-30T13:51:37+00:00","breadcrumb":{"@id":"https:\/\/www.setogiid.ee\/setomaa-audiogiidid\/varska\/#breadcrumb"},"inLanguage":"en-GB","potentialAction":[{"@type":"ReadAction","target":["https:\/\/www.setogiid.ee\/setomaa-audiogiidid\/varska\/"]}]},{"@type":"ImageObject","inLanguage":"en-GB","@id":"https:\/\/www.setogiid.ee\/setomaa-audiogiidid\/varska\/#primaryimage","url":"https:\/\/setogiid.ee\/wp-content\/uploads\/2023\/12\/VARSKAkaart-01-2048x804.png","contentUrl":"https:\/\/setogiid.ee\/wp-content\/uploads\/2023\/12\/VARSKAkaart-01-2048x804.png"},{"@type":"BreadcrumbList","@id":"https:\/\/www.setogiid.ee\/setomaa-audiogiidid\/varska\/#breadcrumb","itemListElement":[{"@type":"ListItem","position":1,"name":"Home","item":"https:\/\/www.setogiid.ee\/en\/"},{"@type":"ListItem","position":2,"name":"Setomaa audiogiidid","item":"https:\/\/www.setogiid.ee\/en\/setomaa-audiogiidid\/"},{"@type":"ListItem","position":3,"name":"V\u00e4rska audiogiid"}]},{"@type":"WebSite","@id":"https:\/\/www.setogiid.ee\/en\/#website","url":"https:\/\/www.setogiid.ee\/en\/","name":"Setogiid","description":"Your Guide in Setomaa","publisher":{"@id":"https:\/\/www.setogiid.ee\/en\/#organization"},"potentialAction":[{"@type":"SearchAction","target":{"@type":"EntryPoint","urlTemplate":"https:\/\/www.setogiid.ee\/en\/?s={search_term_string}"},"query-input":{"@type":"PropertyValueSpecification","valueRequired":true,"valueName":"search_term_string"}}],"inLanguage":"en-GB"},{"@type":"Organization","@id":"https:\/\/www.setogiid.ee\/en\/#organization","name":"Setogiid","url":"https:\/\/www.setogiid.ee\/en\/","logo":{"@type":"ImageObject","inLanguage":"en-GB","@id":"https:\/\/www.setogiid.ee\/en\/#\/schema\/logo\/image\/","url":"https:\/\/www.setogiid.ee\/wp-content\/uploads\/2023\/12\/cropped-pisi-01.png","contentUrl":"https:\/\/www.setogiid.ee\/wp-content\/uploads\/2023\/12\/cropped-pisi-01.png","width":120,"height":120,"caption":"Setogiid"},"image":{"@id":"https:\/\/www.setogiid.ee\/en\/#\/schema\/logo\/image\/"}}]}},"_links":{"self":[{"href":"https:\/\/www.setogiid.ee\/en\/wp-json\/wp\/v2\/pages\/44","targetHints":{"allow":["GET"]}}],"collection":[{"href":"https:\/\/www.setogiid.ee\/en\/wp-json\/wp\/v2\/pages"}],"about":[{"href":"https:\/\/www.setogiid.ee\/en\/wp-json\/wp\/v2\/types\/page"}],"author":[{"embeddable":true,"href":"https:\/\/www.setogiid.ee\/en\/wp-json\/wp\/v2\/users\/1"}],"replies":[{"embeddable":true,"href":"https:\/\/www.setogiid.ee\/en\/wp-json\/wp\/v2\/comments?post=44"}],"version-history":[{"count":5,"href":"https:\/\/www.setogiid.ee\/en\/wp-json\/wp\/v2\/pages\/44\/revisions"}],"predecessor-version":[{"id":1206,"href":"https:\/\/www.setogiid.ee\/en\/wp-json\/wp\/v2\/pages\/44\/revisions\/1206"}],"up":[{"embeddable":true,"href":"https:\/\/www.setogiid.ee\/en\/wp-json\/wp\/v2\/pages\/892"}],"wp:attachment":[{"href":"https:\/\/www.setogiid.ee\/en\/wp-json\/wp\/v2\/media?parent=44"}],"curies":[{"name":"wp","href":"https:\/\/api.w.org\/{rel}","templated":true}]}}