{"id":798,"date":"2023-07-24T11:51:08","date_gmt":"2023-07-24T11:51:08","guid":{"rendered":"https:\/\/www.setogiid.ee\/?page_id=798"},"modified":"2023-07-26T07:19:30","modified_gmt":"2023-07-26T07:19:30","slug":"tallihoone-ja-tooriistad","status":"publish","type":"page","link":"https:\/\/www.setogiid.ee\/en\/setomaa-audiogiidid\/saatse\/tallihoone-ja-tooriistad\/","title":{"rendered":"12. Stables and Tools"},"content":{"rendered":"<p><em>Tallihoone ja t\u00f6\u00f6riistad (seto keeleh)<br \/>\n<\/em><\/p>\n<audio class=\"wp-audio-shortcode\" id=\"audio-798-1\" preload=\"none\" style=\"width: 100%;\" controls=\"controls\"><source type=\"audio\/mpeg\" src=\"https:\/\/www.setogiid.ee\/wp-content\/uploads\/2023\/07\/23.-Tallihoone-ja-tooriistad_Saatse_seto.mp3?_=1\" \/><a href=\"https:\/\/www.setogiid.ee\/wp-content\/uploads\/2023\/07\/23.-Tallihoone-ja-tooriistad_Saatse_seto.mp3\">https:\/\/www.setogiid.ee\/wp-content\/uploads\/2023\/07\/23.-Tallihoone-ja-tooriistad_Saatse_seto.mp3<\/a><\/audio>\n<p><em>Tallihoone ja t\u00f6\u00f6riistad (eesti keeles)<br \/>\n<\/em><\/p>\n<audio class=\"wp-audio-shortcode\" id=\"audio-798-2\" preload=\"none\" style=\"width: 100%;\" controls=\"controls\"><source type=\"audio\/mpeg\" src=\"https:\/\/www.setogiid.ee\/wp-content\/uploads\/2023\/07\/34.-Tallihoone-ja-tooriistad.mp3?_=2\" \/><a href=\"https:\/\/www.setogiid.ee\/wp-content\/uploads\/2023\/07\/34.-Tallihoone-ja-tooriistad.mp3\">https:\/\/www.setogiid.ee\/wp-content\/uploads\/2023\/07\/34.-Tallihoone-ja-tooriistad.mp3<\/a><\/audio>\n<p><em>Stables and tools (In English)<br \/>\n<\/em><\/p>\n<audio class=\"wp-audio-shortcode\" id=\"audio-798-3\" preload=\"none\" style=\"width: 100%;\" controls=\"controls\"><source type=\"audio\/mpeg\" src=\"https:\/\/www.setogiid.ee\/wp-content\/uploads\/2023\/07\/2.-Stables-and-tools_Saatse.mp3?_=3\" \/><a href=\"https:\/\/www.setogiid.ee\/wp-content\/uploads\/2023\/07\/2.-Stables-and-tools_Saatse.mp3\">https:\/\/www.setogiid.ee\/wp-content\/uploads\/2023\/07\/2.-Stables-and-tools_Saatse.mp3<\/a><\/audio>\n<p>&nbsp;<\/p>\n<p>&nbsp;<\/p>","protected":false},"excerpt":{"rendered":"<p>Tallihoone ja t\u00f6\u00f6riistad (seto keeleh) Tallihoone ja t\u00f6\u00f6riistad (eesti keeles) Stables and tools (In English) [&hellip;]<\/p>\n","protected":false},"author":1,"featured_media":0,"parent":2,"menu_order":0,"comment_status":"closed","ping_status":"closed","template":"","meta":{"footnotes":""},"class_list":["post-798","page","type-page","status-publish","hentry","entry","grid"],"yoast_head":"<!-- This site is optimized with the Yoast SEO plugin v27.5 - https:\/\/yoast.com\/product\/yoast-seo-wordpress\/ -->\n<title>12. Tallihoone ja t\u00f6\u00f6riistad - Setogiid<\/title>\n<meta name=\"robots\" content=\"index, follow, max-snippet:-1, max-image-preview:large, max-video-preview:-1\" \/>\n<link rel=\"canonical\" href=\"https:\/\/www.setogiid.ee\/en\/setomaa-audiogiidid\/saatse\/tallihoone-ja-tooriistad\/\" \/>\n<meta property=\"og:locale\" content=\"en_GB\" \/>\n<meta property=\"og:type\" content=\"article\" \/>\n<meta property=\"og:title\" content=\"12. Tallihoone ja t\u00f6\u00f6riistad - Setogiid\" \/>\n<meta property=\"og:description\" content=\"Tallihoone ja t\u00f6\u00f6riistad (seto keeleh) Tallihoone ja t\u00f6\u00f6riistad (eesti keeles) Stables and tools (In English) [&hellip;]\" \/>\n<meta property=\"og:url\" content=\"https:\/\/www.setogiid.ee\/en\/setomaa-audiogiidid\/saatse\/tallihoone-ja-tooriistad\/\" \/>\n<meta property=\"og:site_name\" content=\"Setogiid\" \/>\n<meta property=\"article:modified_time\" content=\"2023-07-26T07:19:30+00:00\" \/>\n<meta name=\"twitter:card\" content=\"summary_large_image\" \/>\n<meta name=\"twitter:label1\" content=\"Estimated reading time\" \/>\n\t<meta name=\"twitter:data1\" content=\"1 minute\" \/>\n<script type=\"application\/ld+json\" class=\"yoast-schema-graph\">{\"@context\":\"https:\\\/\\\/schema.org\",\"@graph\":[{\"@type\":\"WebPage\",\"@id\":\"https:\\\/\\\/www.setogiid.ee\\\/setomaa-audiogiidid\\\/saatse\\\/tallihoone-ja-tooriistad\\\/\",\"url\":\"https:\\\/\\\/www.setogiid.ee\\\/setomaa-audiogiidid\\\/saatse\\\/tallihoone-ja-tooriistad\\\/\",\"name\":\"12. Tallihoone ja t\u00f6\u00f6riistad - Setogiid\",\"isPartOf\":{\"@id\":\"https:\\\/\\\/setogiid.ee\\\/#website\"},\"datePublished\":\"2023-07-24T11:51:08+00:00\",\"dateModified\":\"2023-07-26T07:19:30+00:00\",\"breadcrumb\":{\"@id\":\"https:\\\/\\\/www.setogiid.ee\\\/setomaa-audiogiidid\\\/saatse\\\/tallihoone-ja-tooriistad\\\/#breadcrumb\"},\"inLanguage\":\"en-GB\",\"potentialAction\":[{\"@type\":\"ReadAction\",\"target\":[\"https:\\\/\\\/www.setogiid.ee\\\/setomaa-audiogiidid\\\/saatse\\\/tallihoone-ja-tooriistad\\\/\"]}]},{\"@type\":\"BreadcrumbList\",\"@id\":\"https:\\\/\\\/www.setogiid.ee\\\/setomaa-audiogiidid\\\/saatse\\\/tallihoone-ja-tooriistad\\\/#breadcrumb\",\"itemListElement\":[{\"@type\":\"ListItem\",\"position\":1,\"name\":\"Home\",\"item\":\"https:\\\/\\\/setogiid.ee\\\/\"},{\"@type\":\"ListItem\",\"position\":2,\"name\":\"Setomaa audiogiidid\",\"item\":\"https:\\\/\\\/setogiid.ee\\\/setomaa-audiogiidid\\\/\"},{\"@type\":\"ListItem\",\"position\":3,\"name\":\"Saatse audiogiid\",\"item\":\"https:\\\/\\\/setogiid.ee\\\/setomaa-audiogiidid\\\/saatse\\\/\"},{\"@type\":\"ListItem\",\"position\":4,\"name\":\"12. Tallihoone ja t\u00f6\u00f6riistad\"}]},{\"@type\":\"WebSite\",\"@id\":\"https:\\\/\\\/setogiid.ee\\\/#website\",\"url\":\"https:\\\/\\\/setogiid.ee\\\/\",\"name\":\"Setogiid\",\"description\":\"Sinu teejuht Setomaal\",\"publisher\":{\"@id\":\"https:\\\/\\\/setogiid.ee\\\/#organization\"},\"potentialAction\":[{\"@type\":\"SearchAction\",\"target\":{\"@type\":\"EntryPoint\",\"urlTemplate\":\"https:\\\/\\\/setogiid.ee\\\/?s={search_term_string}\"},\"query-input\":{\"@type\":\"PropertyValueSpecification\",\"valueRequired\":true,\"valueName\":\"search_term_string\"}}],\"inLanguage\":\"en-GB\"},{\"@type\":\"Organization\",\"@id\":\"https:\\\/\\\/setogiid.ee\\\/#organization\",\"name\":\"Setogiid\",\"url\":\"https:\\\/\\\/setogiid.ee\\\/\",\"logo\":{\"@type\":\"ImageObject\",\"inLanguage\":\"en-GB\",\"@id\":\"https:\\\/\\\/setogiid.ee\\\/#\\\/schema\\\/logo\\\/image\\\/\",\"url\":\"https:\\\/\\\/www.setogiid.ee\\\/wp-content\\\/uploads\\\/2023\\\/12\\\/cropped-pisi-01.png\",\"contentUrl\":\"https:\\\/\\\/www.setogiid.ee\\\/wp-content\\\/uploads\\\/2023\\\/12\\\/cropped-pisi-01.png\",\"width\":120,\"height\":120,\"caption\":\"Setogiid\"},\"image\":{\"@id\":\"https:\\\/\\\/setogiid.ee\\\/#\\\/schema\\\/logo\\\/image\\\/\"}}]}<\/script>\n<!-- \/ Yoast SEO plugin. -->","yoast_head_json":{"title":"12. Tallihoone ja t\u00f6\u00f6riistad - Setogiid","robots":{"index":"index","follow":"follow","max-snippet":"max-snippet:-1","max-image-preview":"max-image-preview:large","max-video-preview":"max-video-preview:-1"},"canonical":"https:\/\/www.setogiid.ee\/en\/setomaa-audiogiidid\/saatse\/tallihoone-ja-tooriistad\/","og_locale":"en_GB","og_type":"article","og_title":"12. Tallihoone ja t\u00f6\u00f6riistad - Setogiid","og_description":"Tallihoone ja t\u00f6\u00f6riistad (seto keeleh) Tallihoone ja t\u00f6\u00f6riistad (eesti keeles) Stables and tools (In English) [&hellip;]","og_url":"https:\/\/www.setogiid.ee\/en\/setomaa-audiogiidid\/saatse\/tallihoone-ja-tooriistad\/","og_site_name":"Setogiid","article_modified_time":"2023-07-26T07:19:30+00:00","twitter_card":"summary_large_image","twitter_misc":{"Estimated reading time":"1 minute"},"schema":{"@context":"https:\/\/schema.org","@graph":[{"@type":"WebPage","@id":"https:\/\/www.setogiid.ee\/setomaa-audiogiidid\/saatse\/tallihoone-ja-tooriistad\/","url":"https:\/\/www.setogiid.ee\/setomaa-audiogiidid\/saatse\/tallihoone-ja-tooriistad\/","name":"12. Tallihoone ja t\u00f6\u00f6riistad - Setogiid","isPartOf":{"@id":"https:\/\/setogiid.ee\/#website"},"datePublished":"2023-07-24T11:51:08+00:00","dateModified":"2023-07-26T07:19:30+00:00","breadcrumb":{"@id":"https:\/\/www.setogiid.ee\/setomaa-audiogiidid\/saatse\/tallihoone-ja-tooriistad\/#breadcrumb"},"inLanguage":"en-GB","potentialAction":[{"@type":"ReadAction","target":["https:\/\/www.setogiid.ee\/setomaa-audiogiidid\/saatse\/tallihoone-ja-tooriistad\/"]}]},{"@type":"BreadcrumbList","@id":"https:\/\/www.setogiid.ee\/setomaa-audiogiidid\/saatse\/tallihoone-ja-tooriistad\/#breadcrumb","itemListElement":[{"@type":"ListItem","position":1,"name":"Home","item":"https:\/\/setogiid.ee\/"},{"@type":"ListItem","position":2,"name":"Setomaa audiogiidid","item":"https:\/\/setogiid.ee\/setomaa-audiogiidid\/"},{"@type":"ListItem","position":3,"name":"Saatse audiogiid","item":"https:\/\/setogiid.ee\/setomaa-audiogiidid\/saatse\/"},{"@type":"ListItem","position":4,"name":"12. Tallihoone ja t\u00f6\u00f6riistad"}]},{"@type":"WebSite","@id":"https:\/\/setogiid.ee\/#website","url":"https:\/\/setogiid.ee\/","name":"Setogiid","description":"Your Guide in Setomaa","publisher":{"@id":"https:\/\/setogiid.ee\/#organization"},"potentialAction":[{"@type":"SearchAction","target":{"@type":"EntryPoint","urlTemplate":"https:\/\/setogiid.ee\/?s={search_term_string}"},"query-input":{"@type":"PropertyValueSpecification","valueRequired":true,"valueName":"search_term_string"}}],"inLanguage":"en-GB"},{"@type":"Organization","@id":"https:\/\/setogiid.ee\/#organization","name":"Setogiid","url":"https:\/\/setogiid.ee\/","logo":{"@type":"ImageObject","inLanguage":"en-GB","@id":"https:\/\/setogiid.ee\/#\/schema\/logo\/image\/","url":"https:\/\/www.setogiid.ee\/wp-content\/uploads\/2023\/12\/cropped-pisi-01.png","contentUrl":"https:\/\/www.setogiid.ee\/wp-content\/uploads\/2023\/12\/cropped-pisi-01.png","width":120,"height":120,"caption":"Setogiid"},"image":{"@id":"https:\/\/setogiid.ee\/#\/schema\/logo\/image\/"}}]}},"_links":{"self":[{"href":"https:\/\/www.setogiid.ee\/en\/wp-json\/wp\/v2\/pages\/798","targetHints":{"allow":["GET"]}}],"collection":[{"href":"https:\/\/www.setogiid.ee\/en\/wp-json\/wp\/v2\/pages"}],"about":[{"href":"https:\/\/www.setogiid.ee\/en\/wp-json\/wp\/v2\/types\/page"}],"author":[{"embeddable":true,"href":"https:\/\/www.setogiid.ee\/en\/wp-json\/wp\/v2\/users\/1"}],"replies":[{"embeddable":true,"href":"https:\/\/www.setogiid.ee\/en\/wp-json\/wp\/v2\/comments?post=798"}],"version-history":[{"count":1,"href":"https:\/\/www.setogiid.ee\/en\/wp-json\/wp\/v2\/pages\/798\/revisions"}],"predecessor-version":[{"id":799,"href":"https:\/\/www.setogiid.ee\/en\/wp-json\/wp\/v2\/pages\/798\/revisions\/799"}],"up":[{"embeddable":true,"href":"https:\/\/www.setogiid.ee\/en\/wp-json\/wp\/v2\/pages\/2"}],"wp:attachment":[{"href":"https:\/\/www.setogiid.ee\/en\/wp-json\/wp\/v2\/media?parent=798"}],"curies":[{"name":"wp","href":"https:\/\/api.w.org\/{rel}","templated":true}]}}